{"id":893,"date":"2022-02-01T18:38:15","date_gmt":"2022-02-01T18:38:15","guid":{"rendered":"https:\/\/cositalcantabria.org\/web\/?page_id=893"},"modified":"2022-02-01T18:53:19","modified_gmt":"2022-02-01T18:53:19","slug":"politica-de-cookies","status":"publish","type":"page","link":"https:\/\/cositalcantabria.org\/web\/index.php\/politica-de-cookies\/","title":{"rendered":"Pol\u00edtica de Cookies"},"content":{"rendered":"<p>[vc_row][vc_column][vc_empty_space height=\u00bb40px\u00bb]\n\t<div class=\"member  has-image\">\n\t\t\n\t\t<div class=\"member-image\">\n\t\t\t<img decoding=\"async\" src=\"https:\/\/cositalcantabria.org\/web\/wp-content\/uploads\/2021\/11\/anagrama_cosital.jpg\" alt=\"Pol\u00edtica de Cookies\" \/>\n\t\t<\/div>\n\t\n\t\t<div class=\"member-info\">\n\t\t\t<h3 class=\"member-name\">Pol\u00edtica de Cookies<\/h3>\n\t\t\t<div class=\"member-desc\">Las cookies son peque\u00f1as cantidades de informaci\u00f3n que se almacenan en el navegador utilizado por cada usuario para que el servidor recuerde cierta informaci\u00f3n que posteriormente pueda utilizar.<\/p>\n<p><big><strong>Tipos de Cookies que utilizamos<\/strong><\/big><\/p>\n<p>Esta p\u00e1gina web utiliza cookies de terceros que son aquellas que se env\u00edan a tu ordenador o terminal desde un dominio o una p\u00e1gina web que no es gestionada por nosotros, sino por otra entidad que trata los datos obtenidos a trav\u00e9s de las cookies.<\/p>\n<p>En este caso las Cookies son utilizadas con fines estad\u00edsticos relacionados con las visitas que recibe y las p\u00e1ginas que se consultan, quedando aceptado su uso al navegar por ella.<\/p>\n<table border=\"1\" width=\"100%\" cellspacing=\"10\" cellpadding=\"10\">\n<tbody>\n<tr bgcolor=\"#CCCCCC\">\n<td width=\"33%\"><strong>COOKIE<\/strong><\/td>\n<td width=\"33%\"><strong>FINALIDAD<\/strong><\/td>\n<td width=\"33%\"><strong>DURACI\u00d3N<\/strong><\/td>\n<\/tr>\n<tr>\n<td width=\"33%\" height=\"20\"><span class=\"Estilo2\">Coogle Analytics (_ga)<\/span><\/td>\n<td width=\"33%\" height=\"20\"><span class=\"Estilo2\">Se utiliza para identificar y distinguir aun usuario. Almacenan un identificador de cliente \u00fanico (ID de cliente), que se genera aleatoriamente. Se utiliza para calcular las interacciones de los usuarios (visitas, los datos de usuarios, sesiones y campa\u00f1as), con el fin de optimizar los servicios que ofrecen.<\/span><\/td>\n<td width=\"33%\" height=\"20\"><span class=\"Estilo2\">2 a\u00f1os<\/span><\/td>\n<\/tr>\n<tr>\n<td width=\"33%\">Coogle Analytics (_gid)<\/td>\n<td width=\"33%\">Se utiliza para identificar al mismo usuario durante un \u00fanico d\u00eda.<\/td>\n<td width=\"33%\">24 horas<\/td>\n<\/tr>\n<tr>\n<td width=\"33%\">Coogle Analytics (_gat)<\/td>\n<td width=\"33%\">Se utiliza para diferenciar entre los diferentes objetos de seguimiento creados en la sesi\u00f3n. La cookie se actualiza cada vez que env\u00eda los datos a Coogle Analytics.<\/td>\n<td width=\"33%\">1 minuto<\/td>\n<\/tr>\n<\/tbody>\n<\/table>\n<p>&nbsp;<\/p>\n<p>Si desea m\u00e1s informaci\u00f3n m\u00e1s sobre los tipos de cookies de seguimiento y an\u00e1lisis de datos de Google\u00a0haga clic <a href=\"https:\/\/policies.google.com\/technologies\/cookies?hl=es&amp;gl=es#types-of-cookies\">aqu\u00ed<\/a>.<\/div>\n\t\t\t\n\t\t<\/div>\n\t<\/div>[vc_separator color=\u00bbcustom\u00bb accent_color=\u00bbrgba(54,70,115,0.08)\u00bb css=\u00bb.vc_custom_1461902392460{margin-top: 50px !important;margin-bottom: 50px !important;}\u00bb][\/vc_column][\/vc_row]<\/p>\n","protected":false},"excerpt":{"rendered":"<p>[vc_row][vc_column][vc_empty_space height=\u00bb40px\u00bb][vc_separator color=\u00bbcustom\u00bb accent_color=\u00bbrgba(54,70,115,0.08)\u00bb css=\u00bb.vc_custom_1461902392460{margin-top: 50px !important;margin-bottom: 50px !important;}\u00bb][\/vc_column][\/vc_row]<\/p>\n","protected":false},"author":1,"featured_media":0,"parent":0,"menu_order":0,"comment_status":"closed","ping_status":"closed","template":"","meta":{"footnotes":""},"class_list":["post-893","page","type-page","status-publish","hentry","no-post-thumbnail"],"_links":{"self":[{"href":"https:\/\/cositalcantabria.org\/web\/index.php\/wp-json\/wp\/v2\/pages\/893","targetHints":{"allow":["GET"]}}],"collection":[{"href":"https:\/\/cositalcantabria.org\/web\/index.php\/wp-json\/wp\/v2\/pages"}],"about":[{"href":"https:\/\/cositalcantabria.org\/web\/index.php\/wp-json\/wp\/v2\/types\/page"}],"author":[{"embeddable":true,"href":"https:\/\/cositalcantabria.org\/web\/index.php\/wp-json\/wp\/v2\/users\/1"}],"replies":[{"embeddable":true,"href":"https:\/\/cositalcantabria.org\/web\/index.php\/wp-json\/wp\/v2\/comments?post=893"}],"version-history":[{"count":6,"href":"https:\/\/cositalcantabria.org\/web\/index.php\/wp-json\/wp\/v2\/pages\/893\/revisions"}],"predecessor-version":[{"id":899,"href":"https:\/\/cositalcantabria.org\/web\/index.php\/wp-json\/wp\/v2\/pages\/893\/revisions\/899"}],"wp:attachment":[{"href":"https:\/\/cositalcantabria.org\/web\/index.php\/wp-json\/wp\/v2\/media?parent=893"}],"curies":[{"name":"wp","href":"https:\/\/api.w.org\/{rel}","templated":true}]}}