{"id":886,"date":"2022-02-01T18:14:56","date_gmt":"2022-02-01T18:14:56","guid":{"rendered":"https:\/\/cositalcantabria.org\/web\/?page_id=886"},"modified":"2022-02-01T18:19:50","modified_gmt":"2022-02-01T18:19:50","slug":"politica-privacidad","status":"publish","type":"page","link":"https:\/\/cositalcantabria.org\/web\/index.php\/politica-privacidad\/","title":{"rendered":"Pol\u00edtica de Privacidad"},"content":{"rendered":"<p>[vc_row][vc_column][vc_empty_space height=\u00bb40px\u00bb]\n\t<div class=\"member  has-image\">\n\t\t\n\t\t<div class=\"member-image\">\n\t\t\t<img decoding=\"async\" src=\"https:\/\/cositalcantabria.org\/web\/wp-content\/uploads\/2021\/11\/anagrama_cosital.jpg\" alt=\"Aviso Legal y Pol\u00edtica de Privacidad\" \/>\n\t\t<\/div>\n\t\n\t\t<div class=\"member-info\">\n\t\t\t<h3 class=\"member-name\">Aviso Legal y Pol\u00edtica de Privacidad<\/h3>\n\t\t\t<div class=\"member-desc\">Esta web es propiedad del\u00a0<strong>Colegio Oficial de Secretarios, Interventores y Tesoreros de la Administraci\u00f3n Local (COSITAL) de Cantabria, CIF\u00a0Q3900739H, con domicilio en Pol\u00edgono de Trascueto, Centro de Empresas, 39600 | Camargo | Cantabria<\/strong><br \/>\n<u>Responsable<\/u>: COSITAL Cantabria<br \/>\n<u>Finalidad<\/u>: Gesti\u00f3n de Usuarios Web.<br \/>\n<u>Legitimaci\u00f3n<\/u>: Consentimiento del interesado.<br \/>\n<u>Destinatarios<\/u>: No se ceder\u00e1n datos a terceros, salvo obligaci\u00f3n legal.<br \/>\n<u>Derechos<\/u>: Tiene derecho a acceder, rectificar y suprimir los datos, as\u00ed como otros derechos, indicados en la informaci\u00f3n adicional, que puede ejercer enviando un correo electr\u00f3nico a la direcci\u00f3n del responsable:\u00a0presidente@cositalcantabria.org<br \/>\n<u>Procedencia<\/u>: El propio interesado.<br \/>\n<u>Informaci\u00f3n adicional<\/u>: Puede consultar informaci\u00f3n adicional y detallada sobre Protecci\u00f3n de Datos en nuestra p\u00e1gina web www.cositalcantabria.org<\/p>\n<p><big><strong>\u00bfQui\u00e9n es el responsable del tratamiento de sus datos?<\/strong><\/big><\/p>\n<ul>\n<li>Identidad: Colegio Oficial de Secretarios, Interventores y Tesoreros de la Administraci\u00f3n Local (COSITAL) de Cantabria &#8211; CIF\u00a0Q3900739H<\/li>\n<li>Direcci\u00f3n postal: Pol\u00edgono de Trascueto, Centro de Empresas, 39600 | Camargo | Cantabria<\/li>\n<\/ul>\n<p><big><strong>\u00bfCon qu\u00e9 finalidad tratamos sus datos personales?<\/strong><\/big><br \/>\nEn COSITAL Cantabria tratamos la informaci\u00f3n que nos facilitan las personas interesadas con el fin de gestionar las comunicaciones y el intercambio de informaci\u00f3n sobre nuestras actividades y servicios a los colegiados.<\/p>\n<p><big><strong>\u00bfCu\u00e1nto tiempo conservamos sus datos?<\/strong><\/big><br \/>\nUtilizamos sus datos durante el tiempo estrictamente necesario para cumplir las finalidades indicadas anteriormente. Salvo que exista una obligaci\u00f3n o requerimiento legal, los plazos de conservaci\u00f3n previstos son de 1 a\u00f1o a partir de la \u00faltima confirmaci\u00f3n de inter\u00e9s.<\/p>\n<p><big><strong>\u00bfCu\u00e1l es la legitimaci\u00f3n para el tratamiento de sus datos<\/strong><\/big><br \/>\nLe indicamos la base legal para el tratamiento de sus datos: Consentimiento del interesado: Consentimiento expreso.<\/p>\n<p><big><strong>\u00bfA qu\u00e9 destinatarios se comunicar\u00e1n sus datos?<\/strong><\/big><br \/>\nNo se ceder\u00e1n datos a terceros, salvo obligaci\u00f3n legal.<\/p>\n<p><big><strong>\u00bfTransferencias de datos a terceros pa\u00edses?<\/strong><\/big><br \/>\nNo est\u00e1n previstas transferencias de datos a terceros pa\u00edses.<\/p>\n<p><big><strong>\u00bfCu\u00e1les son sus derechos cuando nos facilita sus datos?<\/strong><\/big><br \/>\nCualquier persona tiene derecho a obtener confirmaci\u00f3n sobre si en COSITAL Cantabria estamos tratando datos personales que les conciernan, o no.<\/p>\n<p>Las personas interesadas tienen derecho a acceder a sus datos personales, as\u00ed como a solicitar la rectificaci\u00f3n de los datos inexactos o, en su caso, solicitar su supresi\u00f3n cuando, entre otros motivos, los datos ya no sean necesarios para los fines que fueron recogidos.<\/p>\n<p>En determinadas circunstancias, los interesados podr\u00e1n solicitar la limitaci\u00f3n del tratamiento de sus datos, en cuyo caso \u00fanicamente los conservaremos para el ejercicio o la defensa de reclamaciones.<\/p>\n<p>En determinadas circunstancias y por motivos relacionados con su situaci\u00f3n particular, los interesados podr\u00e1n oponerse al tratamiento de sus datos.<\/p>\n<p>En este caso, COSITAL Cantabria dejar\u00e1 de tratar los datos, salvo por motivos leg\u00edtimos imperiosos, o el ejercicio o la defensa de posibles reclamaciones.<\/p>\n<p>Podr\u00e1 ejercitar materialmente sus derechos de la siguiente forma: Tiene derecho a acceder, rectificar y suprimir los datos, as\u00ed como otros derechos, indicados en la informaci\u00f3n adicional, que puede ejercer enviando un correo electr\u00f3nico a la direcci\u00f3n del responsable presidente@cositalcantabria.org<\/p>\n<p>Si ha otorgado su consentimiento para alguna finalidad concreta, tiene derecho a retirar el consentimiento otorgado en cualquier momento, sin que ello afecte a la licitud del tratamiento basado en el consentimiento previo a su retirada.<\/p>\n<p>En caso de que sienta vulnerados sus derechos en lo concerniente a la protecci\u00f3n de sus datos personales, especialmente cuando no haya obtenido satisfacci\u00f3n en el ejercicio de sus derechos, puede presentar una reclamaci\u00f3n ante la Autoridad de Control en materia de Protecci\u00f3n de Datos competente a trav\u00e9s de su sitio web: www.agpd.es.<\/p>\n<p><big><strong>\u00bfC\u00f3mo hemos obtenido sus datos?<\/strong><\/big><br \/>\nLos datos personales que tratamos en COSITAL Cantabria proceden del propio interesado.<br \/>\nLas categor\u00edas de datos que se tratan son:<\/p>\n<ul>\n<li>Datos identificativos<\/li>\n<li>Direcciones postales y electr\u00f3nicas<\/li>\n<\/ul>\n<p>No se tratan categor\u00edas especiales de datos personales (son aquellos datos que revelen el origen \u00e9tnico o racial, las opiniones pol\u00edticas, las convicciones religiosas o filos\u00f3ficas, o la afiliaci\u00f3n sindical, datos gen\u00e9ticos, datos biom\u00e9tricos dirigidos a identificar de manera un\u00edvoca a una persona f\u00edsica, datos relativos a la salud o datos relativos a la vida sexual o la orientaci\u00f3n sexual de una persona f\u00edsica).<\/p>\n<p><\/div>\n\t\t\t\n\t\t<\/div>\n\t<\/div>[vc_separator color=\u00bbcustom\u00bb accent_color=\u00bbrgba(54,70,115,0.08)\u00bb css=\u00bb.vc_custom_1461902392460{margin-top: 50px !important;margin-bottom: 50px !important;}\u00bb][\/vc_column][\/vc_row]<\/p>\n","protected":false},"excerpt":{"rendered":"<p>[vc_row][vc_column][vc_empty_space height=\u00bb40px\u00bb][vc_separator color=\u00bbcustom\u00bb accent_color=\u00bbrgba(54,70,115,0.08)\u00bb css=\u00bb.vc_custom_1461902392460{margin-top: 50px !important;margin-bottom: 50px !important;}\u00bb][\/vc_column][\/vc_row]<\/p>\n","protected":false},"author":1,"featured_media":0,"parent":0,"menu_order":0,"comment_status":"closed","ping_status":"closed","template":"","meta":{"footnotes":""},"class_list":["post-886","page","type-page","status-publish","hentry","no-post-thumbnail"],"_links":{"self":[{"href":"https:\/\/cositalcantabria.org\/web\/index.php\/wp-json\/wp\/v2\/pages\/886","targetHints":{"allow":["GET"]}}],"collection":[{"href":"https:\/\/cositalcantabria.org\/web\/index.php\/wp-json\/wp\/v2\/pages"}],"about":[{"href":"https:\/\/cositalcantabria.org\/web\/index.php\/wp-json\/wp\/v2\/types\/page"}],"author":[{"embeddable":true,"href":"https:\/\/cositalcantabria.org\/web\/index.php\/wp-json\/wp\/v2\/users\/1"}],"replies":[{"embeddable":true,"href":"https:\/\/cositalcantabria.org\/web\/index.php\/wp-json\/wp\/v2\/comments?post=886"}],"version-history":[{"count":4,"href":"https:\/\/cositalcantabria.org\/web\/index.php\/wp-json\/wp\/v2\/pages\/886\/revisions"}],"predecessor-version":[{"id":890,"href":"https:\/\/cositalcantabria.org\/web\/index.php\/wp-json\/wp\/v2\/pages\/886\/revisions\/890"}],"wp:attachment":[{"href":"https:\/\/cositalcantabria.org\/web\/index.php\/wp-json\/wp\/v2\/media?parent=886"}],"curies":[{"name":"wp","href":"https:\/\/api.w.org\/{rel}","templated":true}]}}