{"id":768,"date":"2022-01-18T07:38:56","date_gmt":"2022-01-18T07:38:56","guid":{"rendered":"https:\/\/cositalcantabria.org\/web\/?page_id=768"},"modified":"2024-07-16T08:28:21","modified_gmt":"2024-07-16T08:28:21","slug":"medios-de-comunicacion","status":"publish","type":"page","link":"https:\/\/cositalcantabria.org\/web\/index.php\/medios-de-comunicacion\/","title":{"rendered":"Medios de Comunicaci\u00f3n"},"content":{"rendered":"<p>[vc_row][vc_column][vc_empty_space][vc_column_text]<\/p>\n<h4 class=\"no-margin-top\">COSITAL en los Medios de Comunicaci\u00f3n<\/h4>\n<p>En esta p\u00e1gina recogemos algunas de las publicaciones aparecidas en distintos medios de comunicaci\u00f3n nacional relacionadas con COSITAL y con cuestiones de inter\u00e9s para los Secretarios, Interventores y Tesoreros de Administraci\u00f3n Local de Cantabria.[\/vc_column_text][vc_empty_space height=\u00bb30px\u00bb][vc_row_inner][vc_column_inner width=\u00bb1\/2&#8243;][vc_empty_space height=\u00bb30px\u00bb][vc_column_text]<img loading=\"lazy\" decoding=\"async\" class=\"alignnone wp-image-956 size-medium\" src=\"https:\/\/cositalcantabria.org\/web\/wp-content\/uploads\/2024\/07\/imagen_cabecera.jpg\" alt=\"\" width=\"300\" height=\"226\" \/><\/p>\n<p><a class=\"button sm border\" href=\"https:\/\/cositalcantabria.org\/web\/wp-content\/uploads\/2024\/07\/IMG_9446.jpg\" target=\"_blank\" rel=\"noopener\">LEER M\u00c1S<\/a>[\/vc_column_text][\/vc_column_inner][vc_column_inner width=\u00bb1\/2&#8243;][\/vc_column_inner][\/vc_row_inner][vc_row_inner][vc_column_inner width=\u00bb1\/2&#8243;][vc_empty_space height=\u00bb30px\u00bb][vc_column_text]<img loading=\"lazy\" decoding=\"async\" class=\"alignnone wp-image-956 size-medium\" src=\"https:\/\/cositalcantabria.org\/web\/wp-content\/uploads\/2022\/03\/habilitacion-nacional-300x226.jpg\" alt=\"\" width=\"300\" height=\"226\" \/><\/p>\n<p><a class=\"button sm border\" href=\"https:\/\/cositalcantabria.org\/web\/wp-content\/uploads\/2022\/03\/IMG_0622-scaled.jpg\" target=\"_blank\" rel=\"noopener\">LEER M\u00c1S<\/a>[\/vc_column_text][vc_column_text]<img loading=\"lazy\" decoding=\"async\" class=\"alignnone size-medium wp-image-716\" src=\"https:\/\/cositalcantabria.org\/web\/wp-content\/uploads\/2022\/01\/abc-nacional-300x206.jpg\" alt=\"\" width=\"300\" height=\"206\" srcset=\"https:\/\/cositalcantabria.org\/web\/wp-content\/uploads\/2022\/01\/abc-nacional-300x206.jpg 300w, https:\/\/cositalcantabria.org\/web\/wp-content\/uploads\/2022\/01\/abc-nacional.jpg 510w\" sizes=\"auto, (max-width: 300px) 100vw, 300px\" \/><\/p>\n<p><a class=\"button sm border\" href=\"https:\/\/www.abc.es\/opinion\/abci-hughes-psoe-vende-habilitados-nacionales-202201010113_noticia.html\" target=\"_blank\" rel=\"noopener\">LEER M\u00c1S<\/a>[\/vc_column_text][vc_empty_space height=\u00bb30px\u00bb][vc_column_text]<img loading=\"lazy\" decoding=\"async\" class=\"alignnone wp-image-776 size-medium\" src=\"https:\/\/cositalcantabria.org\/web\/wp-content\/uploads\/2022\/01\/hay-derecho-300x206.jpg\" alt=\"\" width=\"300\" height=\"206\" srcset=\"https:\/\/cositalcantabria.org\/web\/wp-content\/uploads\/2022\/01\/hay-derecho-300x206.jpg 300w, https:\/\/cositalcantabria.org\/web\/wp-content\/uploads\/2022\/01\/hay-derecho.jpg 510w\" sizes=\"auto, (max-width: 300px) 100vw, 300px\" \/><\/p>\n<p><a class=\"button sm border\" href=\"https:\/\/www.hayderecho.com\/2022\/01\/13\/traspaso-de-las-competencias-por-la-puerta-de-atras-sobre-secretarios-interventores-y-tesoreros-de-administracion-local\/\" target=\"_blank\" rel=\"noopener\">LEER M\u00c1S<\/a>[\/vc_column_text][vc_empty_space height=\u00bb30px\u00bb][vc_empty_space height=\u00bb30px\u00bb][\/vc_column_inner][vc_column_inner width=\u00bb1\/2&#8243;][vc_empty_space height=\u00bb30px\u00bb][vc_column_text]<img loading=\"lazy\" decoding=\"async\" class=\"alignnone size-medium wp-image-714\" src=\"https:\/\/cositalcantabria.org\/web\/wp-content\/uploads\/2022\/01\/el-mundo-pais-vasco-300x206.jpg\" alt=\"\" width=\"300\" height=\"206\" srcset=\"https:\/\/cositalcantabria.org\/web\/wp-content\/uploads\/2022\/01\/el-mundo-pais-vasco-300x206.jpg 300w, https:\/\/cositalcantabria.org\/web\/wp-content\/uploads\/2022\/01\/el-mundo-pais-vasco.jpg 510w\" sizes=\"auto, (max-width: 300px) 100vw, 300px\" \/><\/p>\n<p><a class=\"button sm border\" href=\"https:\/\/www.elmundo.es\/pais-vasco\/2022\/01\/05\/61d4a10521efa0b63f8b457f.html\" target=\"_blank\" rel=\"noopener\">LEER M\u00c1S<\/a>[\/vc_column_text][vc_empty_space height=\u00bb30px\u00bb][vc_column_text]<img loading=\"lazy\" decoding=\"async\" class=\"alignnone wp-image-777 size-medium\" src=\"https:\/\/cositalcantabria.org\/web\/wp-content\/uploads\/2022\/01\/voz-populi-300x206.jpg\" alt=\"\" width=\"300\" height=\"206\" srcset=\"https:\/\/cositalcantabria.org\/web\/wp-content\/uploads\/2022\/01\/voz-populi-300x206.jpg 300w, https:\/\/cositalcantabria.org\/web\/wp-content\/uploads\/2022\/01\/voz-populi.jpg 510w\" sizes=\"auto, (max-width: 300px) 100vw, 300px\" \/><\/p>\n<p><a class=\"button sm border\" href=\"https:\/\/www.vozpopuli.com\/opinion\/desmontando-el-estado.html\" target=\"_blank\" rel=\"noopener\">LEER M\u00c1S<\/a>[\/vc_column_text][vc_column_text]<img loading=\"lazy\" decoding=\"async\" class=\"alignnone wp-image-778 size-medium\" src=\"https:\/\/cositalcantabria.org\/web\/wp-content\/uploads\/2022\/01\/sosa-wagner-300x206.jpg\" alt=\"\" width=\"300\" height=\"206\" srcset=\"https:\/\/cositalcantabria.org\/web\/wp-content\/uploads\/2022\/01\/sosa-wagner-300x206.jpg 300w, https:\/\/cositalcantabria.org\/web\/wp-content\/uploads\/2022\/01\/sosa-wagner.jpg 510w\" sizes=\"auto, (max-width: 300px) 100vw, 300px\" \/><\/p>\n<p><a class=\"button sm border\" href=\"https:\/\/cositalcantabria.org\/web\/wp-content\/uploads\/2022\/01\/opina-francisco-sosa.jpg\" target=\"_blank\" rel=\"noopener\">LEER M\u00c1S<\/a>[\/vc_column_text][vc_empty_space height=\u00bb30px\u00bb][\/vc_column_inner][\/vc_row_inner][\/vc_column][\/vc_row]<\/p>\n","protected":false},"excerpt":{"rendered":"<p>[vc_row][vc_column][vc_empty_space][vc_column_text] COSITAL en los Medios de Comunicaci\u00f3n En esta p\u00e1gina recogemos algunas de las publicaciones aparecidas en distintos medios de comunicaci\u00f3n nacional relacionadas con COSITAL y con cuestiones de inter\u00e9s [&hellip;]<\/p>\n","protected":false},"author":1,"featured_media":0,"parent":0,"menu_order":0,"comment_status":"closed","ping_status":"closed","template":"","meta":{"footnotes":""},"class_list":["post-768","page","type-page","status-publish","hentry","no-post-thumbnail"],"_links":{"self":[{"href":"https:\/\/cositalcantabria.org\/web\/index.php\/wp-json\/wp\/v2\/pages\/768","targetHints":{"allow":["GET"]}}],"collection":[{"href":"https:\/\/cositalcantabria.org\/web\/index.php\/wp-json\/wp\/v2\/pages"}],"about":[{"href":"https:\/\/cositalcantabria.org\/web\/index.php\/wp-json\/wp\/v2\/types\/page"}],"author":[{"embeddable":true,"href":"https:\/\/cositalcantabria.org\/web\/index.php\/wp-json\/wp\/v2\/users\/1"}],"replies":[{"embeddable":true,"href":"https:\/\/cositalcantabria.org\/web\/index.php\/wp-json\/wp\/v2\/comments?post=768"}],"version-history":[{"count":10,"href":"https:\/\/cositalcantabria.org\/web\/index.php\/wp-json\/wp\/v2\/pages\/768\/revisions"}],"predecessor-version":[{"id":1346,"href":"https:\/\/cositalcantabria.org\/web\/index.php\/wp-json\/wp\/v2\/pages\/768\/revisions\/1346"}],"wp:attachment":[{"href":"https:\/\/cositalcantabria.org\/web\/index.php\/wp-json\/wp\/v2\/media?parent=768"}],"curies":[{"name":"wp","href":"https:\/\/api.w.org\/{rel}","templated":true}]}}