{"id":665,"date":"2021-12-28T12:56:05","date_gmt":"2021-12-28T12:56:05","guid":{"rendered":"https:\/\/cositalcantabria.org\/web\/?page_id=665"},"modified":"2024-10-31T16:26:11","modified_gmt":"2024-10-31T16:26:11","slug":"actas-y-documentos","status":"publish","type":"page","link":"https:\/\/cositalcantabria.org\/web\/index.php\/actas-y-documentos\/","title":{"rendered":"Actas y Documentos"},"content":{"rendered":"<p>[vc_row][vc_column][vc_empty_space height=\u00bb40px\u00bb][vc_gallery type=\u00bbflexslider_slide\u00bb interval=\u00bb0&#8243; images=\u00bb588&#8243; img_size=\u00bbfull\u00bb onclick=\u00bb\u00bb][vc_empty_space height=\u00bb40px\u00bb][vc_column_text]<strong>Consulta y Descarga de Documentos<\/strong><\/p>\n<p>En esta secci\u00f3n ofrecemos la posibilidad de Consultar y Descargar las actas de la Asamblea y otros documentos de inter\u00e9s sobre el funcionamiento del Colegio, tales como Memorias de Tesorer\u00eda, Memorias Anuales, Presupuestos o Liquidaci\u00f3n de Presupuestos.[\/vc_column_text][vc_empty_space height=\u00bb40px\u00bb][vc_empty_space height=\u00bb30px\u00bb][vc_tta_accordion active_section=\u00bb1&#8243;][vc_tta_section title=\u00bbEJERCICIO 2023&#8243; tab_id=\u00bb1730391591925-a617c892-62d7&#8243;][vc_raw_html]JTNDcCUzRSUzQ3VsJTIwY2xhc3MlM0QlMjJzdHlsZTElMjIlM0UlMEElMjAlMDklM0NsaSUzRUFDVEElMjBBU0FNQkxFQSUyMEdFTkVSQUwlMjBPUkRJTkFSSUElMjAxNiUyRjExJTJGMjAyMyUzQyUyRmxpJTNFJTBBJTNDYSUyMHRpdGxlJTNEJTIyRGVzY2FyZ2FyJTIyJTIwaHJlZiUzRCUyMmh0dHBzJTNBJTJGJTJGY29zaXRhbGNhbnRhYnJpYS5vcmclMkZ3ZWIlMkZ3cC1jb250ZW50JTJGdXBsb2FkcyUyRjIwMjQlMkYxMCUyRmFjdGFfYXNhbWJsZWFfZ2VuZXJhbF9vcmRpbmFyaWFfMjAyMy5wZGYlMjIlMjB0YXJnZXQlM0QlMjJfYmxhbmslMjIlM0UlM0NpbWclMjBjbGFzcyUzRCUyMmFsaWdubm9uZSUyMHNpemUtbWVkaXVtJTIwd3AtaW1hZ2UtNjY4JTIyJTIwc3JjJTNEJTIyaHR0cHMlM0ElMkYlMkZjb3NpdGFsY2FudGFicmlhLm9yZyUyRndlYiUyRndwLWNvbnRlbnQlMkZ1cGxvYWRzJTJGMjAyMSUyRjEyJTJGYm90b24tZGVzY2FyZ2EtMzAweDk0LmpwZyUyMiUyMGFsdCUzRCUyMiUyMiUyMHdpZHRoJTNEJTIyMTAwJTIyJTIwaGVpZ2h0JTNEJTIyJTIyJTNDJTJGYSUzRSUwQSUzQyUyRnVsJTNFJTNDJTJGcCUzRQ==[\/vc_raw_html][vc_raw_html]JTNDcCUzRSUzQ3VsJTIwY2xhc3MlM0QlMjJzdHlsZTElMjIlM0UlMEElMjAlMDklM0NsaSUzRU1FTU9SSUElMjBBTlVBTCUyMEFTQU1CTEVBJTIwR0VORVJBTCUyMDIwMjQlM0MlMkZsaSUzRSUwQSUzQ2ElMjB0aXRsZSUzRCUyMkRlc2NhcmdhciUyMiUyMGhyZWYlM0QlMjJodHRwcyUzQSUyRiUyRmNvc2l0YWxjYW50YWJyaWEub3JnJTJGd2ViJTJGd3AtY29udGVudCUyRnVwbG9hZHMlMkYyMDI0JTJGMTAlMkZtZW1vcmlhX2FudWFsX2FnXzIwMjQucGRmJTIyJTIwdGFyZ2V0JTNEJTIyX2JsYW5rJTIyJTNFJTNDaW1nJTIwY2xhc3MlM0QlMjJhbGlnbm5vbmUlMjBzaXplLW1lZGl1bSUyMHdwLWltYWdlLTY2OCUyMiUyMHNyYyUzRCUyMmh0dHBzJTNBJTJGJTJGY29zaXRhbGNhbnRhYnJpYS5vcmclMkZ3ZWIlMkZ3cC1jb250ZW50JTJGdXBsb2FkcyUyRjIwMjElMkYxMiUyRmJvdG9uLWRlc2NhcmdhLTMwMHg5NC5qcGclMjIlMjBhbHQlM0QlMjIlMjIlMjB3aWR0aCUzRCUyMjEwMCUyMiUyMGhlaWdodCUzRCUyMiUyMiUzQyUyRmElM0UlMEElM0MlMkZ1bCUzRSUzQyUyRnAlM0U=[\/vc_raw_html][vc_raw_html]JTNDcCUzRSUzQ3VsJTIwY2xhc3MlM0QlMjJzdHlsZTElMjIlM0UlMEElMjAlMDklM0NsaSUzRUxJUVVJREFDSSVDMyU5M04lMjBQUkVTVVBVRVNUTyUyMDIwMjMlM0MlMkZsaSUzRSUwQSUzQ2ElMjB0aXRsZSUzRCUyMkRlc2NhcmdhciUyMiUyMGhyZWYlM0QlMjJodHRwcyUzQSUyRiUyRmNvc2l0YWxjYW50YWJyaWEub3JnJTJGd2ViJTJGd3AtY29udGVudCUyRnVwbG9hZHMlMkYyMDI0JTJGMTAlMkZsaXF1aWRhY2lvbl9wcmVzdXB1ZXN0b18yMDIzLnBkZiUyMiUyMHRhcmdldCUzRCUyMl9ibGFuayUyMiUzRSUzQ2ltZyUyMGNsYXNzJTNEJTIyYWxpZ25ub25lJTIwc2l6ZS1tZWRpdW0lMjB3cC1pbWFnZS02NjglMjIlMjBzcmMlM0QlMjJodHRwcyUzQSUyRiUyRmNvc2l0YWxjYW50YWJyaWEub3JnJTJGd2ViJTJGd3AtY29udGVudCUyRnVwbG9hZHMlMkYyMDIxJTJGMTIlMkZib3Rvbi1kZXNjYXJnYS0zMDB4OTQuanBnJTIyJTIwYWx0JTNEJTIyJTIyJTIwd2lkdGglM0QlMjIxMDAlMjIlMjBoZWlnaHQlM0QlMjIlMjIlM0MlMkZhJTNFJTBBJTNDJTJGdWwlM0UlM0MlMkZwJTNF[\/vc_raw_html][vc_raw_html]JTNDcCUzRSUzQ3VsJTIwY2xhc3MlM0QlMjJzdHlsZTElMjIlM0UlMEElMjAlMDklM0NsaSUzRUNPTlZPQ0FUT1JJQSUyMEFTQU1CTEVBJTIwR0VORVJBTCUyMDIwMjQlM0MlMkZsaSUzRSUwQSUzQ2ElMjB0aXRsZSUzRCUyMkRlc2NhcmdhciUyMiUyMGhyZWYlM0QlMjJodHRwcyUzQSUyRiUyRmNvc2l0YWxjYW50YWJyaWEub3JnJTJGd2ViJTJGd3AtY29udGVudCUyRnVwbG9hZHMlMkYyMDI0JTJGMTAlMkZjb252b2NhdG9yaWFfYXNhbWJsZWFfZ2VuZXJhbC0yMDI0LnBkZiUyMiUyMHRhcmdldCUzRCUyMl9ibGFuayUyMiUzRSUzQ2ltZyUyMGNsYXNzJTNEJTIyYWxpZ25ub25lJTIwc2l6ZS1tZWRpdW0lMjB3cC1pbWFnZS02NjglMjIlMjBzcmMlM0QlMjJodHRwcyUzQSUyRiUyRmNvc2l0YWxjYW50YWJyaWEub3JnJTJGd2ViJTJGd3AtY29udGVudCUyRnVwbG9hZHMlMkYyMDIxJTJGMTIlMkZib3Rvbi1kZXNjYXJnYS0zMDB4OTQuanBnJTIyJTIwYWx0JTNEJTIyJTIyJTIwd2lkdGglM0QlMjIxMDAlMjIlMjBoZWlnaHQlM0QlMjIlMjIlM0MlMkZhJTNFJTBBJTNDJTJGdWwlM0UlM0MlMkZwJTNF[\/vc_raw_html][vc_raw_html]JTNDcCUzRSUzQ3VsJTIwY2xhc3MlM0QlMjJzdHlsZTElMjIlM0UlMEElMjAlMDklM0NsaSUzRVBSRVNVUFVFU1RPJTIwR0VORVJBTCUyMDIwMjUlM0MlMkZsaSUzRSUwQSUzQ2ElMjB0aXRsZSUzRCUyMkRlc2NhcmdhciUyMiUyMGhyZWYlM0QlMjJodHRwcyUzQSUyRiUyRmNvc2l0YWxjYW50YWJyaWEub3JnJTJGd2ViJTJGd3AtY29udGVudCUyRnVwbG9hZHMlMkYyMDI0JTJGMTAlMkZwcmVzdXB1ZXN0b19nZW5lcmFsLTIwMjUucGRmJTIyJTIwdGFyZ2V0JTNEJTIyX2JsYW5rJTIyJTNFJTNDaW1nJTIwY2xhc3MlM0QlMjJhbGlnbm5vbmUlMjBzaXplLW1lZGl1bSUyMHdwLWltYWdlLTY2OCUyMiUyMHNyYyUzRCUyMmh0dHBzJTNBJTJGJTJGY29zaXRhbGNhbnRhYnJpYS5vcmclMkZ3ZWIlMkZ3cC1jb250ZW50JTJGdXBsb2FkcyUyRjIwMjElMkYxMiUyRmJvdG9uLWRlc2NhcmdhLTMwMHg5NC5qcGclMjIlMjBhbHQlM0QlMjIlMjIlMjB3aWR0aCUzRCUyMjEwMCUyMiUyMGhlaWdodCUzRCUyMiUyMiUzQyUyRmElM0UlMEElM0MlMkZ1bCUzRSUzQyUyRnAlM0U=[\/vc_raw_html][\/vc_tta_section][vc_tta_section title=\u00bbEJERCICIO 2021&#8243; tab_id=\u00bb1461810867516-0c9c3955-6959&#8243;][vc_raw_html]JTNDdWwlMjBjbGFzcyUzRCUyMnN0eWxlMSUyMiUzRSUwQSUyMCUwOSUzQ2xpJTNFQUNUQSUyMEFTQU1CTEVBJTIwR0VORVJBTCUyME9SRElOQVJJQSUyMDI1JTJGMTElMkYyMDIxJTNDJTJGbGklM0UlMEElM0NhJTIwdGl0bGUlM0QlMjJEZXNjYXJnYXIlMjIlMjBocmVmJTNEJTIyaHR0cHMlM0ElMkYlMkZjb3NpdGFsY2FudGFicmlhLm9yZyUyRndlYiUyRndwLWNvbnRlbnQlMkZ1cGxvYWRzJTJGMjAyMSUyRjEyJTJGQUNUQS1BU0FNQkxFQS1HRU5FUkFMLU9SRElOQVJJQS0yNS0xMS0yMDIxLnBkZiUyMiUyMHRhcmdldCUzRCUyMl9ibGFuayUyMiUzRSUzQ2ltZyUyMGNsYXNzJTNEJTIyYWxpZ25ub25lJTIwc2l6ZS1tZWRpdW0lMjB3cC1pbWFnZS02NjglMjIlMjBzcmMlM0QlMjJodHRwcyUzQSUyRiUyRmNvc2l0YWxjYW50YWJyaWEub3JnJTJGd2ViJTJGd3AtY29udGVudCUyRnVwbG9hZHMlMkYyMDIxJTJGMTIlMkZib3Rvbi1kZXNjYXJnYS0zMDB4OTQuanBnJTIyJTIwYWx0JTNEJTIyJTIyJTIwd2lkdGglM0QlMjIxMDAlMjIlMjBoZWlnaHQlM0QlMjIlMjIlMjAlMjBhbHQlM0QlMjJEZXNjYXJnYXIlMjIlMjAlMkYlM0UlM0MlMkZhJTNFJTBBJTNDJTJGdWwlM0U=[\/vc_raw_html][vc_separator][vc_raw_html]JTNDdWwlMjBjbGFzcyUzRCUyMnN0eWxlMSUyMiUzRSUwQSUyMCUwOSUzQ2xpJTNFTWVtb3JpYSUyMGRlJTIwVGVzb3JlciVDMyVBRGElMjAyMDIxJTNDJTJGbGklM0UlMEElM0NhJTIwdGl0bGUlM0QlMjJEZXNjYXJnYXIlMjIlMjBocmVmJTNEJTIyaHR0cHMlM0ElMkYlMkZjb3NpdGFsY2FudGFicmlhLm9yZyUyRndlYiUyRndwLWNvbnRlbnQlMkZ1cGxvYWRzJTJGMjAyMSUyRjEyJTJGTUVNT1JJQS1ERS1URVNPUkVSSUEtMjAyMS0xLnBkZiUyMiUyMHRhcmdldCUzRCUyMl9ibGFuayUyMiUzRSUzQ2ltZyUyMGNsYXNzJTNEJTIyYWxpZ25ub25lJTIwc2l6ZS1tZWRpdW0lMjB3cC1pbWFnZS02NjglMjIlMjBzcmMlM0QlMjJodHRwcyUzQSUyRiUyRmNvc2l0YWxjYW50YWJyaWEub3JnJTJGd2ViJTJGd3AtY29udGVudCUyRnVwbG9hZHMlMkYyMDIxJTJGMTIlMkZib3Rvbi1kZXNjYXJnYS0zMDB4OTQuanBnJTIyJTIwYWx0JTNEJTIyJTIyJTIwd2lkdGglM0QlMjIxMDAlMjIlMjBoZWlnaHQlM0QlMjIlMjIlMjAlMjBhbHQlM0QlMjJEZXNjYXJnYXIlMjIlMjAlMkYlM0UlM0MlMkZhJTNFJTBBJTNDJTJGdWwlM0U=[\/vc_raw_html][vc_separator][vc_raw_html]JTNDdWwlMjBjbGFzcyUzRCUyMnN0eWxlMSUyMiUzRSUwQSUyMCUwOSUzQ2xpJTNFTWVtb3JpYSUyMEFudWFsJTIwQUclMjAyMDIxJTNDJTJGbGklM0UlMEElM0NhJTIwdGl0bGUlM0QlMjJEZXNjYXJnYXIlMjIlMjBocmVmJTNEJTIyaHR0cHMlM0ElMkYlMkZjb3NpdGFsY2FudGFicmlhLm9yZyUyRndlYiUyRndwLWNvbnRlbnQlMkZ1cGxvYWRzJTJGMjAyMSUyRjEyJTJGTUVNT1JJQS1BTlVBTC1BRy0yMDIxLTEucGRmJTIyJTIwdGFyZ2V0JTNEJTIyX2JsYW5rJTIyJTNFJTNDaW1nJTIwY2xhc3MlM0QlMjJhbGlnbm5vbmUlMjBzaXplLW1lZGl1bSUyMHdwLWltYWdlLTY2OCUyMiUyMHNyYyUzRCUyMmh0dHBzJTNBJTJGJTJGY29zaXRhbGNhbnRhYnJpYS5vcmclMkZ3ZWIlMkZ3cC1jb250ZW50JTJGdXBsb2FkcyUyRjIwMjElMkYxMiUyRmJvdG9uLWRlc2NhcmdhLTMwMHg5NC5qcGclMjIlMjBhbHQlM0QlMjIlMjIlMjB3aWR0aCUzRCUyMjEwMCUyMiUyMGhlaWdodCUzRCUyMiUyMiUyMCUyMGFsdCUzRCUyMkRlc2NhcmdhciUyMiUyMCUyRiUzRSUzQyUyRmElM0UlMEElM0MlMkZ1bCUzRQ==[\/vc_raw_html][vc_separator][vc_raw_html]JTNDdWwlMjBjbGFzcyUzRCUyMnN0eWxlMSUyMiUzRSUwQSUyMCUwOSUzQ2xpJTNFUHJlc3VwdWVzdG8lMjAyMDIyJTNDJTJGbGklM0UlMEElM0NhJTIwdGl0bGUlM0QlMjJEZXNjYXJnYXIlMjIlMjBocmVmJTNEJTIyaHR0cHMlM0ElMkYlMkZjb3NpdGFsY2FudGFicmlhLm9yZyUyRndlYiUyRndwLWNvbnRlbnQlMkZ1cGxvYWRzJTJGMjAyMSUyRjEyJTJGUFJFU1VQVUVTVE8tMjAyMi0xLnBkZiUyMiUyMHRhcmdldCUzRCUyMl9ibGFuayUyMiUzRSUzQ2ltZyUyMGNsYXNzJTNEJTIyYWxpZ25ub25lJTIwc2l6ZS1tZWRpdW0lMjB3cC1pbWFnZS02NjglMjIlMjBzcmMlM0QlMjJodHRwcyUzQSUyRiUyRmNvc2l0YWxjYW50YWJyaWEub3JnJTJGd2ViJTJGd3AtY29udGVudCUyRnVwbG9hZHMlMkYyMDIxJTJGMTIlMkZib3Rvbi1kZXNjYXJnYS0zMDB4OTQuanBnJTIyJTIwYWx0JTNEJTIyJTIyJTIwd2lkdGglM0QlMjIxMDAlMjIlMjBoZWlnaHQlM0QlMjIlMjIlMjAlMjBhbHQlM0QlMjJEZXNjYXJnYXIlMjIlMjAlMkYlM0UlM0MlMkZhJTNFJTBBJTNDJTJGdWwlM0U=[\/vc_raw_html][\/vc_tta_section][vc_tta_section title=\u00bbEJERCICIO 2020&#8243; tab_id=\u00bb1461811016911-b47f1946-d095&#8243;][vc_raw_html]JTNDdWwlMjBjbGFzcyUzRCUyMnN0eWxlMSUyMiUzRSUwQSUyMCUwOSUzQ2xpJTNFQUNUQSUyMEFTQU1CTEVBJTIwR0VORVJBTCUyME9SRElOQVJJQSUyMDAzJTJGMTIlMkYyMDIwJTNDJTJGbGklM0UlMEElM0NhJTIwdGl0bGUlM0QlMjJEZXNjYXJnYXIlMjIlMjBocmVmJTNEJTIyaHR0cHMlM0ElMkYlMkZjb3NpdGFsY2FudGFicmlhLm9yZyUyRndlYiUyRndwLWNvbnRlbnQlMkZ1cGxvYWRzJTJGMjAyMSUyRjEyJTJGQUNUQS1BU0FNQkxFQS1HRU5FUkFMLU9SRElOQVJJQS0wMy0xMi0yMDIwLnBkZiUyMiUyMHRhcmdldCUzRCUyMl9ibGFuayUyMiUzRSUzQ2ltZyUyMGNsYXNzJTNEJTIyYWxpZ25ub25lJTIwc2l6ZS1tZWRpdW0lMjB3cC1pbWFnZS02NjglMjIlMjBzcmMlM0QlMjJodHRwcyUzQSUyRiUyRmNvc2l0YWxjYW50YWJyaWEub3JnJTJGd2ViJTJGd3AtY29udGVudCUyRnVwbG9hZHMlMkYyMDIxJTJGMTIlMkZib3Rvbi1kZXNjYXJnYS0zMDB4OTQuanBnJTIyJTIwYWx0JTNEJTIyJTIyJTIwd2lkdGglM0QlMjIxMDAlMjIlMjBoZWlnaHQlM0QlMjIlMjIlMjAlMjBhbHQlM0QlMjJEZXNjYXJnYXIlMjIlMjAlMkYlM0UlM0MlMkZhJTNFJTBBJTNDJTJGdWwlM0U=[\/vc_raw_html][vc_separator][\/vc_tta_section][vc_tta_section title=\u00bbEJERCICIO 2019&#8243; tab_id=\u00bb1639998851643-52e0eadc-51aa\u00bb][vc_raw_html]JTNDdWwlMjBjbGFzcyUzRCUyMnN0eWxlMSUyMiUzRSUwQSUyMCUwOSUzQ2xpJTNFQUNUQSUyMEFTQU1CTEVBJTIwR0VORVJBTCUyME9SRElOQVJJQSUyMDE0JTJGMTElMkYyMDE5JTNDJTJGbGklM0UlMEElM0NhJTIwdGl0bGUlM0QlMjJEZXNjYXJnYXIlMjIlMjBocmVmJTNEJTIyaHR0cHMlM0ElMkYlMkZjb3NpdGFsY2FudGFicmlhLm9yZyUyRndlYiUyRndwLWNvbnRlbnQlMkZ1cGxvYWRzJTJGMjAyMSUyRjEyJTJGQUNUQS1BU0FNQkxFQS1HRU5FUkFMLU9SRElOQVJJQS0xNC0xMS0yMDE5LnBkZiUyMiUyMHRhcmdldCUzRCUyMl9ibGFuayUyMiUzRSUzQ2ltZyUyMGNsYXNzJTNEJTIyYWxpZ25ub25lJTIwc2l6ZS1tZWRpdW0lMjB3cC1pbWFnZS02NjglMjIlMjBzcmMlM0QlMjJodHRwcyUzQSUyRiUyRmNvc2l0YWxjYW50YWJyaWEub3JnJTJGd2ViJTJGd3AtY29udGVudCUyRnVwbG9hZHMlMkYyMDIxJTJGMTIlMkZib3Rvbi1kZXNjYXJnYS0zMDB4OTQuanBnJTIyJTIwYWx0JTNEJTIyJTIyJTIwd2lkdGglM0QlMjIxMDAlMjIlMjBoZWlnaHQlM0QlMjIlMjIlMjAlMjBhbHQlM0QlMjJEZXNjYXJnYXIlMjIlMjAlMkYlM0UlM0MlMkZhJTNFJTBBJTNDJTJGdWwlM0U=[\/vc_raw_html][vc_separator][\/vc_tta_section][\/vc_tta_accordion][\/vc_column][\/vc_row]<\/p>\n","protected":false},"excerpt":{"rendered":"<p>[vc_row][vc_column][vc_empty_space height=\u00bb40px\u00bb][vc_gallery type=\u00bbflexslider_slide\u00bb interval=\u00bb0&#8243; images=\u00bb588&#8243; img_size=\u00bbfull\u00bb onclick=\u00bb\u00bb][vc_empty_space height=\u00bb40px\u00bb][vc_column_text]Consulta y Descarga de Documentos En esta secci\u00f3n ofrecemos la posibilidad de Consultar y Descargar las actas de la Asamblea y otros documentos [&hellip;]<\/p>\n","protected":false},"author":1,"featured_media":0,"parent":0,"menu_order":0,"comment_status":"closed","ping_status":"closed","template":"","meta":{"footnotes":""},"class_list":["post-665","page","type-page","status-publish","hentry","no-post-thumbnail"],"_links":{"self":[{"href":"https:\/\/cositalcantabria.org\/web\/index.php\/wp-json\/wp\/v2\/pages\/665","targetHints":{"allow":["GET"]}}],"collection":[{"href":"https:\/\/cositalcantabria.org\/web\/index.php\/wp-json\/wp\/v2\/pages"}],"about":[{"href":"https:\/\/cositalcantabria.org\/web\/index.php\/wp-json\/wp\/v2\/types\/page"}],"author":[{"embeddable":true,"href":"https:\/\/cositalcantabria.org\/web\/index.php\/wp-json\/wp\/v2\/users\/1"}],"replies":[{"embeddable":true,"href":"https:\/\/cositalcantabria.org\/web\/index.php\/wp-json\/wp\/v2\/comments?post=665"}],"version-history":[{"count":16,"href":"https:\/\/cositalcantabria.org\/web\/index.php\/wp-json\/wp\/v2\/pages\/665\/revisions"}],"predecessor-version":[{"id":1399,"href":"https:\/\/cositalcantabria.org\/web\/index.php\/wp-json\/wp\/v2\/pages\/665\/revisions\/1399"}],"wp:attachment":[{"href":"https:\/\/cositalcantabria.org\/web\/index.php\/wp-json\/wp\/v2\/media?parent=665"}],"curies":[{"name":"wp","href":"https:\/\/api.w.org\/{rel}","templated":true}]}}