{"id":46,"date":"2016-04-12T15:07:58","date_gmt":"2016-04-12T15:07:58","guid":{"rendered":"https:\/\/cositalcantabria.org\/web\/?page_id=46"},"modified":"2025-07-21T15:29:19","modified_gmt":"2025-07-21T15:29:19","slug":"junta-directiva","status":"publish","type":"page","link":"https:\/\/cositalcantabria.org\/web\/index.php\/junta-directiva\/","title":{"rendered":"Junta Directiva"},"content":{"rendered":"<p>[vc_row][vc_column][vc_empty_space][vc_single_image image=\u00bb1071&#8243; img_size=\u00bbfull\u00bb][vc_empty_space height=\u00bb40px\u00bb]\n\t<div class=\"member  has-image\">\n\t\t\n\t\t<div class=\"member-image\">\n\t\t\t<img decoding=\"async\" src=\"https:\/\/cositalcantabria.org\/web\/wp-content\/uploads\/2022\/12\/imagen_german2022.jpg\" alt=\"Don GERM\u00c1N GARC\u00cdA CALLE\" \/>\n\t\t<\/div>\n\t\n\t\t<div class=\"member-info\">\n\t\t\t<h3 class=\"member-name\">Don GERM\u00c1N GARC\u00cdA CALLE<\/h3><div class=\"member-subtitle\">PRESIDENTE<\/div>\n\t\t\t<div class=\"member-desc\">Perteneciente a la subescala de Intervenci\u00f3n-Tesorer\u00eda, categor\u00eda de entrada.<\/p>\n<p><strong>Interventor del Ayuntamiento de Polanco<\/strong><\/div>\n\t\t\t\n\t\t<\/div>\n\t<\/div>[vc_separator color=\u00bbcustom\u00bb accent_color=\u00bbrgba(54,70,115,0.08)\u00bb css=\u00bb.vc_custom_1461902392460{margin-top: 50px !important;margin-bottom: 50px !important;}\u00bb]\n\t<div class=\"member  has-image\">\n\t\t\n\t\t<div class=\"member-image\">\n\t\t\t<img decoding=\"async\" src=\"https:\/\/cositalcantabria.org\/web\/wp-content\/uploads\/2022\/12\/imagen_bustillo2022.jpg\" alt=\"Don FERNANDO BUSTILLO MEDIAVILLA\" \/>\n\t\t<\/div>\n\t\n\t\t<div class=\"member-info\">\n\t\t\t<h3 class=\"member-name\">Don FERNANDO BUSTILLO MEDIAVILLA<\/h3><div class=\"member-subtitle\">TESORERO<\/div>\n\t\t\t<div class=\"member-desc\">Perteneciente a la subescala de Intervenci\u00f3n-Tesorer\u00eda, categor\u00eda superior.<\/p>\n<p><strong>Tesorero del Ayuntamiento de Santo\u00f1a.<\/strong><\/div>\n\t\t\t\n\t\t<\/div>\n\t<\/div>[vc_separator color=\u00bbcustom\u00bb accent_color=\u00bbrgba(54,70,115,0.08)\u00bb css=\u00bb.vc_custom_1461902402404{margin-top: 50px !important;margin-bottom: 50px !important;}\u00bb]\n\t<div class=\"member  has-image\">\n\t\t\n\t\t<div class=\"member-image\">\n\t\t\t<img decoding=\"async\" src=\"https:\/\/cositalcantabria.org\/web\/wp-content\/uploads\/2022\/12\/imagen_beatriz2022.jpg\" alt=\"Do\u00f1a BEATRIZ POLANCO CASARES\" \/>\n\t\t<\/div>\n\t\n\t\t<div class=\"member-info\">\n\t\t\t<h3 class=\"member-name\">Do\u00f1a BEATRIZ POLANCO CASARES<\/h3><div class=\"member-subtitle\">VICEPRESIDENTA<\/div>\n\t\t\t<div class=\"member-desc\">Perteneciente a la subescala de Secretar\u00eda, categor\u00eda de entrada.<\/p>\n<p><strong>Secretaria del Ayuntamiento de Polanco.<\/strong><\/div>\n\t\t\t\n\t\t<\/div>\n\t<\/div>[vc_separator color=\u00bbcustom\u00bb accent_color=\u00bbrgba(54,70,115,0.08)\u00bb css=\u00bb.vc_custom_1461902411155{margin-top: 50px !important;margin-bottom: 50px !important;}\u00bb]\n\t<div class=\"member  has-image\">\n\t\t\n\t\t<div class=\"member-image\">\n\t\t\t<img decoding=\"async\" src=\"https:\/\/cositalcantabria.org\/web\/wp-content\/uploads\/2022\/12\/imagen_joseignacio2022.jpg\" alt=\"Don JOS\u00c9 IGNACIO S\u00c1NCHEZ MART\u00cdNEZ\" \/>\n\t\t<\/div>\n\t\n\t\t<div class=\"member-info\">\n\t\t\t<h3 class=\"member-name\">Don JOS\u00c9 IGNACIO S\u00c1NCHEZ MART\u00cdNEZ<\/h3><div class=\"member-subtitle\">INTERVENTOR<\/div>\n\t\t\t<div class=\"member-desc\">Perteneciente a la Subescala de Secretar\u00eda-Intervenci\u00f3n.<\/p>\n<p><strong>Interventor del Ayuntamiento de Colindres.<\/strong><\/div>\n\t\t\t\n\t\t<\/div>\n\t<\/div>[vc_separator color=\u00bbcustom\u00bb accent_color=\u00bbrgba(54,70,115,0.08)\u00bb css=\u00bb.vc_custom_1461902417592{margin-top: 50px !important;margin-bottom: 50px !important;}\u00bb]\n\t<div class=\"member  has-image\">\n\t\t\n\t\t<div class=\"member-image\">\n\t\t\t<img decoding=\"async\" src=\"https:\/\/cositalcantabria.org\/web\/wp-content\/uploads\/2022\/12\/imagen_montoto2022.jpg\" alt=\"Don JES\u00daS \u00c1LVAREZ MONTOTO\" \/>\n\t\t<\/div>\n\t\n\t\t<div class=\"member-info\">\n\t\t\t<h3 class=\"member-name\">Don JES\u00daS \u00c1LVAREZ MONTOTO<\/h3><div class=\"member-subtitle\">SECRETARIO<\/div>\n\t\t\t<div class=\"member-desc\">Perteneciente a la subescala de Secretar\u00eda, categor\u00eda superior.<\/p>\n<p><strong>Secretario del Ayuntamiento de Torrelavega.<\/strong><\/div>\n\t\t\t\n\t\t<\/div>\n\t<\/div>[vc_separator color=\u00bbcustom\u00bb accent_color=\u00bbrgba(54,70,115,0.08)\u00bb css=\u00bb.vc_custom_1461902417592{margin-top: 50px !important;margin-bottom: 50px !important;}\u00bb]\n\t<div class=\"member  has-image\">\n\t\t\n\t\t<div class=\"member-image\">\n\t\t\t<img decoding=\"async\" src=\"https:\/\/cositalcantabria.org\/web\/wp-content\/uploads\/2022\/12\/imagen_mariaoliva2022.jpg\" alt=\"Do\u00f1a MAR\u00cdA OLIVA GARRIDO CUERVO\" \/>\n\t\t<\/div>\n\t\n\t\t<div class=\"member-info\">\n\t\t\t<h3 class=\"member-name\">Do\u00f1a MAR\u00cdA OLIVA GARRIDO CUERVO<\/h3><div class=\"member-subtitle\">VICESECRETARIA<\/div>\n\t\t\t<div class=\"member-desc\">Perteneciente a la subescala de Secretaria-Intervenci\u00f3n.<\/p>\n<p><strong>Secretaria-Interventora del Ayuntamiento de Val de San Vicente.<\/strong><\/div>\n\t\t\t\n\t\t<\/div>\n\t<\/div>[vc_separator color=\u00bbcustom\u00bb accent_color=\u00bbrgba(54,70,115,0.08)\u00bb css=\u00bb.vc_custom_1461902417592{margin-top: 50px !important;margin-bottom: 50px !important;}\u00bb]\n\t<div class=\"member  has-image\">\n\t\t\n\t\t<div class=\"member-image\">\n\t\t\t<img decoding=\"async\" src=\"https:\/\/cositalcantabria.org\/web\/wp-content\/uploads\/2022\/12\/imagen_raul2022.jpg\" alt=\"Don RA\u00daL VEGA S\u00c1NCHEZ\" \/>\n\t\t<\/div>\n\t\n\t\t<div class=\"member-info\">\n\t\t\t<h3 class=\"member-name\">Don RA\u00daL VEGA S\u00c1NCHEZ<\/h3><div class=\"member-subtitle\">VICEINTERVENTOR<\/div>\n\t\t\t<div class=\"member-desc\">Perteneciente a la subescala de Secretaria-Intervenci\u00f3n.<\/p>\n<p><strong>Secretario-Interventor del Ayuntamiento de Villaescusa.<\/strong><\/div>\n\t\t\t\n\t\t<\/div>\n\t<\/div>[\/vc_column][\/vc_row]<\/p>\n","protected":false},"excerpt":{"rendered":"<p>[vc_row][vc_column][vc_empty_space][vc_single_image image=\u00bb1071&#8243; img_size=\u00bbfull\u00bb][vc_empty_space height=\u00bb40px\u00bb][vc_separator color=\u00bbcustom\u00bb accent_color=\u00bbrgba(54,70,115,0.08)\u00bb css=\u00bb.vc_custom_1461902392460{margin-top: 50px !important;margin-bottom: 50px !important;}\u00bb][vc_separator color=\u00bbcustom\u00bb accent_color=\u00bbrgba(54,70,115,0.08)\u00bb css=\u00bb.vc_custom_1461902402404{margin-top: 50px !important;margin-bottom: 50px !important;}\u00bb][vc_separator color=\u00bbcustom\u00bb accent_color=\u00bbrgba(54,70,115,0.08)\u00bb css=\u00bb.vc_custom_1461902411155{margin-top: 50px !important;margin-bottom: 50px !important;}\u00bb][vc_separator color=\u00bbcustom\u00bb accent_color=\u00bbrgba(54,70,115,0.08)\u00bb css=\u00bb.vc_custom_1461902417592{margin-top: 50px !important;margin-bottom: [&hellip;]<\/p>\n","protected":false},"author":1,"featured_media":0,"parent":0,"menu_order":0,"comment_status":"closed","ping_status":"closed","template":"","meta":{"footnotes":""},"class_list":["post-46","page","type-page","status-publish","hentry","no-post-thumbnail"],"_links":{"self":[{"href":"https:\/\/cositalcantabria.org\/web\/index.php\/wp-json\/wp\/v2\/pages\/46","targetHints":{"allow":["GET"]}}],"collection":[{"href":"https:\/\/cositalcantabria.org\/web\/index.php\/wp-json\/wp\/v2\/pages"}],"about":[{"href":"https:\/\/cositalcantabria.org\/web\/index.php\/wp-json\/wp\/v2\/types\/page"}],"author":[{"embeddable":true,"href":"https:\/\/cositalcantabria.org\/web\/index.php\/wp-json\/wp\/v2\/users\/1"}],"replies":[{"embeddable":true,"href":"https:\/\/cositalcantabria.org\/web\/index.php\/wp-json\/wp\/v2\/comments?post=46"}],"version-history":[{"count":12,"href":"https:\/\/cositalcantabria.org\/web\/index.php\/wp-json\/wp\/v2\/pages\/46\/revisions"}],"predecessor-version":[{"id":1468,"href":"https:\/\/cositalcantabria.org\/web\/index.php\/wp-json\/wp\/v2\/pages\/46\/revisions\/1468"}],"wp:attachment":[{"href":"https:\/\/cositalcantabria.org\/web\/index.php\/wp-json\/wp\/v2\/media?parent=46"}],"curies":[{"name":"wp","href":"https:\/\/api.w.org\/{rel}","templated":true}]}}