{"id":42,"date":"2016-04-12T15:05:06","date_gmt":"2016-04-12T15:05:06","guid":{"rendered":"https:\/\/cositalcantabria.org\/web\/?page_id=42"},"modified":"2022-02-01T11:22:22","modified_gmt":"2022-02-01T11:22:22","slug":"otros-colegios-cosital","status":"publish","type":"page","link":"https:\/\/cositalcantabria.org\/web\/index.php\/otros-colegios-cosital\/","title":{"rendered":"Otros Colegios Cosital"},"content":{"rendered":"<p>[vc_row][vc_column][vc_empty_space height=\u00bb40px\u00bb][vc_column_text]<\/p>\n<h4 class=\"no-margin-top\">Presentes en toda Espa\u00f1a<\/h4>\n<p>Los Colegios Oficiales de Secretarios, Interventores y Tesoreros de la Administraci\u00f3n Local est\u00e1n presentes en diversas provincias y comunidades de todo el territorio nacional, integrados en el Consejo General de Secretarios, Interventores y Tesoreros de Administraci\u00f3n Local (Cosital).[\/vc_column_text][vc_empty_space height=\u00bb30px\u00bb][vc_row_inner][vc_column_inner width=\u00bb1\/3&#8243;][vc_single_image image=\u00bb629&#8243; img_size=\u00bbfull\u00bb add_caption=\u00bbyes\u00bb alignment=\u00bbcenter\u00bb style=\u00bbvc_box_outline\u00bb onclick=\u00bbcustom_link\u00bb img_link_target=\u00bb_blank\u00bb link=\u00bbhttp:\/\/www.dipualba.es\/secretarios\/Principal.htm\u00bb][vc_empty_space height=\u00bb30px\u00bb][vc_single_image image=\u00bb849&#8243; img_size=\u00bbfull\u00bb add_caption=\u00bbyes\u00bb alignment=\u00bbcenter\u00bb style=\u00bbvc_box_outline\u00bb onclick=\u00bbcustom_link\u00bb img_link_target=\u00bb_blank\u00bb link=\u00bbhttp:\/\/www.cositburgos.org\/\u00bb][vc_empty_space height=\u00bb30px\u00bb][vc_single_image image=\u00bb852&#8243; img_size=\u00bbfull\u00bb add_caption=\u00bbyes\u00bb alignment=\u00bbcenter\u00bb style=\u00bbvc_box_outline\u00bb onclick=\u00bbcustom_link\u00bb link=\u00bbhttp:\/\/www.cositalcoruna.org\/\u00bb][vc_empty_space height=\u00bb30px\u00bb][vc_single_image image=\u00bb856&#8243; img_size=\u00bbfull\u00bb add_caption=\u00bbyes\u00bb alignment=\u00bbcenter\u00bb style=\u00bbvc_box_outline\u00bb][vc_empty_space height=\u00bb30px\u00bb][\/vc_column_inner][vc_column_inner width=\u00bb1\/3&#8243;][vc_single_image image=\u00bb634&#8243; img_size=\u00bbfull\u00bb add_caption=\u00bbyes\u00bb alignment=\u00bbcenter\u00bb style=\u00bbvc_box_outline\u00bb onclick=\u00bbcustom_link\u00bb img_link_target=\u00bb_blank\u00bb link=\u00bbhttp:\/\/cositalasturias.es\/\u00bb][vc_empty_space height=\u00bb30px\u00bb][vc_single_image image=\u00bb639&#8243; img_size=\u00bbfull\u00bb add_caption=\u00bbyes\u00bb alignment=\u00bbcenter\u00bb style=\u00bbvc_box_outline\u00bb onclick=\u00bbcustom_link\u00bb img_link_target=\u00bb_blank\u00bb link=\u00bbhttps:\/\/cositcadiz.org\/\u00bb][vc_empty_space height=\u00bb30px\u00bb][vc_single_image image=\u00bb854&#8243; img_size=\u00bbfull\u00bb add_caption=\u00bbyes\u00bb alignment=\u00bbcenter\u00bb style=\u00bbvc_box_outline\u00bb onclick=\u00bbcustom_link\u00bb link=\u00bbhttp:\/\/https:\/\/csitalgirona.com\/\u00bb][vc_empty_space height=\u00bb30px\u00bb][vc_single_image image=\u00bb857&#8243; img_size=\u00bbfull\u00bb add_caption=\u00bbyes\u00bb alignment=\u00bbcenter\u00bb style=\u00bbvc_box_outline\u00bb onclick=\u00bbcustom_link\u00bb link=\u00bbhttps:\/\/cositalmadrid.es\/\u00bb][vc_empty_space height=\u00bb30px\u00bb][vc_single_image image=\u00bb863&#8243; img_size=\u00bbfull\u00bb add_caption=\u00bbyes\u00bb alignment=\u00bbcenter\u00bb style=\u00bbvc_box_outline\u00bb onclick=\u00bbcustom_link\u00bb link=\u00bbhttp:\/\/www.cositsevilla.org\/\u00bb][\/vc_column_inner][vc_column_inner width=\u00bb1\/3&#8243;][vc_single_image image=\u00bb636&#8243; img_size=\u00bbfull\u00bb add_caption=\u00bbyes\u00bb alignment=\u00bbcenter\u00bb style=\u00bbvc_box_outline\u00bb onclick=\u00bbcustom_link\u00bb img_link_target=\u00bb_blank\u00bb link=\u00bbhttps:\/\/www.csital.org\/\u00bb][vc_empty_space height=\u00bb30px\u00bb][vc_single_image image=\u00bb846&#8243; img_size=\u00bbfull\u00bb add_caption=\u00bbyes\u00bb alignment=\u00bbcenter\u00bb style=\u00bbvc_box_outline\u00bb onclick=\u00bbcustom_link\u00bb link=\u00bbhttp:\/\/www.cosital-castellon.es\/\u00bb][vc_empty_space height=\u00bb30px\u00bb][vc_single_image image=\u00bb855&#8243; img_size=\u00bbfull\u00bb add_caption=\u00bbyes\u00bb alignment=\u00bbcenter\u00bb style=\u00bbvc_box_outline\u00bb onclick=\u00bbcustom_link\u00bb link=\u00bbhttps:\/\/cositleon.es\/\u00bb][vc_empty_space height=\u00bb30px\u00bb][vc_single_image image=\u00bb858&#8243; img_size=\u00bbfull\u00bb add_caption=\u00bbyes\u00bb alignment=\u00bbcenter\u00bb style=\u00bbvc_box_outline\u00bb onclick=\u00bbcustom_link\u00bb link=\u00bbhttp:\/\/cositalmurcia.com\/\u00bb][vc_empty_space height=\u00bb30px\u00bb][vc_single_image image=\u00bb861&#8243; img_size=\u00bbfull\u00bb add_caption=\u00bbyes\u00bb alignment=\u00bbcenter\u00bb style=\u00bbvc_box_outline\u00bb onclick=\u00bbcustom_link\u00bb link=\u00bbhttps:\/\/cositalsalamanca.es\/\u00bb][\/vc_column_inner][\/vc_row_inner][vc_row_inner][vc_column_inner width=\u00bb1\/3&#8243;][vc_single_image image=\u00bb866&#8243; img_size=\u00bbfull\u00bb add_caption=\u00bbyes\u00bb alignment=\u00bbcenter\u00bb style=\u00bbvc_box_outline\u00bb onclick=\u00bbcustom_link\u00bb img_link_target=\u00bb_blank\u00bb link=\u00bbhttps:\/\/www.cositaltfe.es\/index.php\u00bb][vc_empty_space height=\u00bb30px\u00bb][vc_empty_space height=\u00bb30px\u00bb][vc_empty_space height=\u00bb30px\u00bb][vc_empty_space height=\u00bb30px\u00bb][\/vc_column_inner][vc_column_inner width=\u00bb1\/3&#8243;][vc_single_image image=\u00bb867&#8243; img_size=\u00bbfull\u00bb add_caption=\u00bbyes\u00bb alignment=\u00bbcenter\u00bb style=\u00bbvc_box_outline\u00bb onclick=\u00bbcustom_link\u00bb img_link_target=\u00bb_blank\u00bb link=\u00bbhttp:\/\/www.cositalvalencia.es\/\u00bb][vc_empty_space height=\u00bb30px\u00bb][vc_empty_space height=\u00bb30px\u00bb][vc_single_image image=\u00bb869&#8243; img_size=\u00bbfull\u00bb add_caption=\u00bbyes\u00bb alignment=\u00bbcenter\u00bb style=\u00bbvc_box_outline\u00bb onclick=\u00bbcustom_link\u00bb img_link_target=\u00bb_blank\u00bb link=\u00bbhttps:\/\/www.cosital.es\/\u00bb][vc_empty_space height=\u00bb30px\u00bb][vc_empty_space height=\u00bb30px\u00bb][\/vc_column_inner][vc_column_inner width=\u00bb1\/3&#8243;][vc_single_image image=\u00bb868&#8243; img_size=\u00bbfull\u00bb add_caption=\u00bbyes\u00bb alignment=\u00bbcenter\u00bb style=\u00bbvc_box_outline\u00bb onclick=\u00bbcustom_link\u00bb img_link_target=\u00bb_blank\u00bb link=\u00bbhttps:\/\/cositalzaragoza.es\/\u00bb][vc_empty_space height=\u00bb30px\u00bb][vc_empty_space height=\u00bb30px\u00bb][vc_empty_space height=\u00bb30px\u00bb][vc_empty_space height=\u00bb30px\u00bb][\/vc_column_inner][\/vc_row_inner][vc_column_text el_class=\u00bbbg-scheme2&#8243; css=\u00bb.vc_custom_1643714538634{padding-top: 30px !important;padding-right: 30px !important;padding-bottom: 30px !important;padding-left: 30px !important;}\u00bb]<\/p>\n<h6 class=\"no-margin-top\" style=\"text-shadow: 0px 1px 1px rgba(0, 0, 0, 0.1); line-height: 1.4;\"><span style=\"color: #ffffff;\">CONTACTE CON COSITAL CANTABRIA<br \/>\nPARA CUALQUIER COMENTARIO O SUGERENCIA<\/span><\/h6>\n<p>[\/vc_column_text][\/vc_column][\/vc_row]<\/p>\n","protected":false},"excerpt":{"rendered":"<p>[vc_row][vc_column][vc_empty_space height=\u00bb40px\u00bb][vc_column_text] Presentes en toda Espa\u00f1a Los Colegios Oficiales de Secretarios, Interventores y Tesoreros de la Administraci\u00f3n Local est\u00e1n presentes en diversas provincias y comunidades de todo el territorio nacional, [&hellip;]<\/p>\n","protected":false},"author":1,"featured_media":0,"parent":0,"menu_order":0,"comment_status":"closed","ping_status":"closed","template":"","meta":{"footnotes":""},"class_list":["post-42","page","type-page","status-publish","hentry","no-post-thumbnail"],"_links":{"self":[{"href":"https:\/\/cositalcantabria.org\/web\/index.php\/wp-json\/wp\/v2\/pages\/42","targetHints":{"allow":["GET"]}}],"collection":[{"href":"https:\/\/cositalcantabria.org\/web\/index.php\/wp-json\/wp\/v2\/pages"}],"about":[{"href":"https:\/\/cositalcantabria.org\/web\/index.php\/wp-json\/wp\/v2\/types\/page"}],"author":[{"embeddable":true,"href":"https:\/\/cositalcantabria.org\/web\/index.php\/wp-json\/wp\/v2\/users\/1"}],"replies":[{"embeddable":true,"href":"https:\/\/cositalcantabria.org\/web\/index.php\/wp-json\/wp\/v2\/comments?post=42"}],"version-history":[{"count":19,"href":"https:\/\/cositalcantabria.org\/web\/index.php\/wp-json\/wp\/v2\/pages\/42\/revisions"}],"predecessor-version":[{"id":872,"href":"https:\/\/cositalcantabria.org\/web\/index.php\/wp-json\/wp\/v2\/pages\/42\/revisions\/872"}],"wp:attachment":[{"href":"https:\/\/cositalcantabria.org\/web\/index.php\/wp-json\/wp\/v2\/media?parent=42"}],"curies":[{"name":"wp","href":"https:\/\/api.w.org\/{rel}","templated":true}]}}