{"id":40,"date":"2016-04-12T15:04:36","date_gmt":"2016-04-12T15:04:36","guid":{"rendered":"https:\/\/cositalcantabria.org\/web\/?page_id=40"},"modified":"2022-02-06T19:19:25","modified_gmt":"2022-02-06T19:19:25","slug":"convenios-de-colaboracion","status":"publish","type":"page","link":"https:\/\/cositalcantabria.org\/web\/index.php\/convenios-de-colaboracion\/","title":{"rendered":"Convenios de Colaboraci\u00f3n"},"content":{"rendered":"<p>[vc_row][vc_column][vc_empty_space height=\u00bb40px\u00bb][vc_column_text]<\/p>\n<h4 class=\"no-margin-top\">Trabajamos por el bien com\u00fan de nuestros asociados<\/h4>\n<p>Colegio Oficial de Secretarios, Interventores y Tesoreros de la Administraci\u00f3n Local de Cantabria tiene, entre sus objetivos, buscar la colaboraci\u00f3n de entidades p\u00fablicas y privadas, en aras de mejorar la prestaci\u00f3n del servicio a las administraciones en las que desarrollamos nuestra actividad profesional.<\/p>\n<p>La formalizaci\u00f3n de convenio de colaboraci\u00f3n en uno de las herramientas que nos sirven para cumplir este objetivo.[\/vc_column_text][vc_separator color=\u00bbcustom\u00bb accent_color=\u00bbrgba(54,70,115,0.08)\u00bb css=\u00bb.vc_custom_1461899049711{margin-top: 40px !important;margin-bottom: 40px !important;}\u00bb][vc_row_inner][vc_column_inner width=\u00bb1\/4&#8243;][vc_single_image image=\u00bb905&#8243; img_size=\u00bbfull\u00bb][\/vc_column_inner][vc_column_inner width=\u00bb3\/4&#8243;][vc_column_text]<strong>Colegio Oficial de Arquitectos de Cantabria COACan<\/strong><\/p>\n<p>El Colegio Oficial de Secretarios, Interventores y Tesoreros de Administraci\u00f3n Local de Cantabria ha firmado un acuerdo de colaboraci\u00f3n con Colegio Oficial de Arquitectos de Cantabria con el fin de agilizar y facilitar la tramitaci\u00f3n de licencias de obra, y facilitar a los ciudadanos la gesti\u00f3n de sus solicitudes, ambas instituciones acuerdan la colaboraci\u00f3n para el acceso a los proyectos de obra visados por el COACan, cuyas obras sean objeto de solicitud de licencia ante los Ayuntamientos.[\/vc_column_text][\/vc_column_inner][\/vc_row_inner][vc_separator color=\u00bbcustom\u00bb accent_color=\u00bbrgba(54,70,115,0.08)\u00bb css=\u00bb.vc_custom_1461899057846{margin-top: 40px !important;margin-bottom: 40px !important;}\u00bb][vc_row_inner][vc_column_inner width=\u00bb1\/4&#8243;][vc_single_image image=\u00bb906&#8243; img_size=\u00bbfull\u00bb][\/vc_column_inner][vc_column_inner width=\u00bb3\/4&#8243;][vc_column_text]<strong>Federaci\u00f3n de Municipios de Cantabria <\/strong><\/p>\n<p>El Colegio Oficial de Secretarios, Interventores y Tesoreros de Administraci\u00f3n Local de Cantabria ha firmado un acuerdo de colaboraci\u00f3n con la Federaci\u00f3n de Municipios de Cantabria para aboradar las IMPLICACIONES DE LA STC 182\/2021.[\/vc_column_text][\/vc_column_inner][\/vc_row_inner][vc_separator color=\u00bbcustom\u00bb accent_color=\u00bbrgba(54,70,115,0.08)\u00bb css=\u00bb.vc_custom_1461899066033{margin-top: 40px !important;margin-bottom: 40px !important;}\u00bb][\/vc_column][\/vc_row]<\/p>\n","protected":false},"excerpt":{"rendered":"<p>[vc_row][vc_column][vc_empty_space height=\u00bb40px\u00bb][vc_column_text] Trabajamos por el bien com\u00fan de nuestros asociados Colegio Oficial de Secretarios, Interventores y Tesoreros de la Administraci\u00f3n Local de Cantabria tiene, entre sus objetivos, buscar la colaboraci\u00f3n [&hellip;]<\/p>\n","protected":false},"author":1,"featured_media":0,"parent":0,"menu_order":0,"comment_status":"closed","ping_status":"closed","template":"","meta":{"footnotes":""},"class_list":["post-40","page","type-page","status-publish","hentry","no-post-thumbnail"],"_links":{"self":[{"href":"https:\/\/cositalcantabria.org\/web\/index.php\/wp-json\/wp\/v2\/pages\/40","targetHints":{"allow":["GET"]}}],"collection":[{"href":"https:\/\/cositalcantabria.org\/web\/index.php\/wp-json\/wp\/v2\/pages"}],"about":[{"href":"https:\/\/cositalcantabria.org\/web\/index.php\/wp-json\/wp\/v2\/types\/page"}],"author":[{"embeddable":true,"href":"https:\/\/cositalcantabria.org\/web\/index.php\/wp-json\/wp\/v2\/users\/1"}],"replies":[{"embeddable":true,"href":"https:\/\/cositalcantabria.org\/web\/index.php\/wp-json\/wp\/v2\/comments?post=40"}],"version-history":[{"count":6,"href":"https:\/\/cositalcantabria.org\/web\/index.php\/wp-json\/wp\/v2\/pages\/40\/revisions"}],"predecessor-version":[{"id":907,"href":"https:\/\/cositalcantabria.org\/web\/index.php\/wp-json\/wp\/v2\/pages\/40\/revisions\/907"}],"wp:attachment":[{"href":"https:\/\/cositalcantabria.org\/web\/index.php\/wp-json\/wp\/v2\/media?parent=40"}],"curies":[{"name":"wp","href":"https:\/\/api.w.org\/{rel}","templated":true}]}}