{"id":189,"date":"2016-04-26T04:46:55","date_gmt":"2016-04-26T04:46:55","guid":{"rendered":"https:\/\/cositalcantabria.org\/web\/?page_id=189"},"modified":"2022-02-10T17:30:07","modified_gmt":"2022-02-10T17:30:07","slug":"empleo-publico","status":"publish","type":"page","link":"https:\/\/cositalcantabria.org\/web\/index.php\/empleo-publico\/","title":{"rendered":"Empleo P\u00fablico"},"content":{"rendered":"<p>[vc_row][vc_column]\t<!-- BEGIN: .projects -->\n\t<div class=\"projects projects-shortcode projects-grid-alt projects-has-filter  \" data-columns=\"4\">\n\t\t<div class=\"projects-wrap\">\n\n\t\t\t\n\t\t\t\n\t\t\t\t\t\t\t\t\t<div class=\"projects-filter\">\n\t\t\t\t\t\t<ul>\n\t\t\t\t\t\t\t<li data-filter=\"*\" class=\"active\">\n\t\t\t\t\t\t\t\t<a href=\"\">All<\/a>\n\t\t\t\t\t\t\t<\/li>\n\t\t\t\t\t\t\t\t\t\t\t\t\t\t\t<li data-filter=\".nproject-category-interinidades\">\n\t\t\t\t\t\t\t\t\t<a href=\"https:\/\/cositalcantabria.org\/web\/index.php\/nproject-category\/interinidades\/\">Interinidades<\/a>\n\t\t\t\t\t\t\t\t<\/li>\n\t\t\t\t\t\t\t\t\t\t\t\t\t\t\t<li data-filter=\".nproject-category-vacantes\">\n\t\t\t\t\t\t\t\t\t<a href=\"https:\/\/cositalcantabria.org\/web\/index.php\/nproject-category\/vacantes\/\">Vacantes<\/a>\n\t\t\t\t\t\t\t\t<\/li>\n\t\t\t\t\t\t\t\t\t\t\t\t\t<\/ul>\n\t\t\t\t\t<\/div>\n\t\t\t\t\t\t\t\n\t\t\t<div class=\"projects-items\">\n\t\t\t\t\t\t\t\t\t\n\t\t\t\t\t<!-- Project -->\n\t\t\t\t\t<div class=\"project post-1556 nproject type-nproject status-publish has-post-thumbnail hentry nproject-category-interinidades nproject-category-vacantes\" itemscope=\"itemscope\" itemtype=\"http:\/\/schema.org\/CreativeWork\">\n\t\t\t\t\t\t<div class=\"project-wrap\">\n\t\t\t\t\t\t\t<figure class=\"project-thumbnail\">\n\t\t\t\t\t\t\t\t<a href=\"https:\/\/cositalcantabria.org\/web\/index.php\/nproject\/solicitud-cobertura-puesto-de-intervencion-del-ayuntamiento-de-suances\/\">\n\t\t\t\t\t\t\t\t\t<img loading=\"lazy\" decoding=\"async\" class=\"\" src=\"https:\/\/cositalcantabria.org\/web\/wp-content\/uploads\/2026\/03\/ayto_suances-600x413.jpg\" width=\"600\" height=\"413\" alt=\"ayto_suances\" title=\"ayto_suances\" \/>\t\t\t\t\t\t\t\t<\/a>\n\t\t\t\t\t\t\t\t\n\t\t\t\t\t\t\t\t<figcaption>\n\t\t\t\t\t\t\t\t\t<div class=\"project-buttons\">\n\t\t\t\t\t\t\t\t\t\t\t\t\t\t\t\t\t\t\t\t<a href=\"https:\/\/cositalcantabria.org\/web\/wp-content\/uploads\/2026\/03\/ayto_suances.jpg\" class=\"project-quick-view\" data-lightbox=\"nivoLightbox\">\n\t\t\t\t\t\t\t\t\t\t\t<span>Quick View<\/span>\n\t\t\t\t\t\t\t\t\t\t<\/a>\n\t\t\t\t\t\t\t\t\t<\/div>\n\t\t\t\t\t\t\t\t<\/figcaption>\n\t\t\t\t\t\t\t<\/figure>\n\n\t\t\t\t\t\t\t<div class=\"project-info\">\n\t\t\t\t\t\t\t\t<div class=\"project-info-wrap\">\n\t\t\t\t\t\t\t\t\t<ul class=\"project-categories\">\n\t\t\t\t\t\t\t\t\t\t<li><a href=\"https:\/\/cositalcantabria.org\/web\/index.php\/nproject-category\/interinidades\/\" rel=\"tag\">Interinidades<\/a><\/li><li><a href=\"https:\/\/cositalcantabria.org\/web\/index.php\/nproject-category\/vacantes\/\" rel=\"tag\">Vacantes<\/a><\/li>\t\t\t\t\t\t\t\t\t<\/ul>\n\t\t\t\t\t\t\t\t\t<h3 class=\"project-title\" itemprop=\"name headline\">\n\t\t\t\t\t\t\t\t\t\t<a href=\"https:\/\/cositalcantabria.org\/web\/index.php\/nproject\/solicitud-cobertura-puesto-de-intervencion-del-ayuntamiento-de-suances\/\">\n\t\t\t\t\t\t\t\t\t\t\tSolicitud cobertura puesto de Intervenci\u00f3n del Ayuntamiento de Suances\t\t\t\t\t\t\t\t\t\t<\/a>\n\t\t\t\t\t\t\t\t\t<\/h3>\n\t\t\t\t\t\t\t\t<\/div>\n\t\t\t\t\t\t\t<\/div>\n\t\t\t\t\t\t<\/div>\n\t\t\t\t\t<\/div>\n\t\t\t\t\t<!-- \/Project -->\n\n\t\t\t\t\t\t\t\t\t\n\t\t\t\t\t<!-- Project -->\n\t\t\t\t\t<div class=\"project post-1552 nproject type-nproject status-publish has-post-thumbnail hentry nproject-category-interinidades nproject-category-vacantes\" itemscope=\"itemscope\" itemtype=\"http:\/\/schema.org\/CreativeWork\">\n\t\t\t\t\t\t<div class=\"project-wrap\">\n\t\t\t\t\t\t\t<figure class=\"project-thumbnail\">\n\t\t\t\t\t\t\t\t<a href=\"https:\/\/cositalcantabria.org\/web\/index.php\/nproject\/vacante-la-plaza-de-secretaria-intervencion-para-el-ayuntamiento-de-mazcuerras-duplicate-1\/\">\n\t\t\t\t\t\t\t\t\t<img loading=\"lazy\" decoding=\"async\" class=\"\" src=\"https:\/\/cositalcantabria.org\/web\/wp-content\/uploads\/2026\/03\/vega_liebana-600x413.jpg\" width=\"600\" height=\"413\" alt=\"vega_liebana\" title=\"vega_liebana\" \/>\t\t\t\t\t\t\t\t<\/a>\n\t\t\t\t\t\t\t\t\n\t\t\t\t\t\t\t\t<figcaption>\n\t\t\t\t\t\t\t\t\t<div class=\"project-buttons\">\n\t\t\t\t\t\t\t\t\t\t\t\t\t\t\t\t\t\t\t\t<a href=\"https:\/\/cositalcantabria.org\/web\/wp-content\/uploads\/2026\/03\/vega_liebana.jpg\" class=\"project-quick-view\" data-lightbox=\"nivoLightbox\">\n\t\t\t\t\t\t\t\t\t\t\t<span>Quick View<\/span>\n\t\t\t\t\t\t\t\t\t\t<\/a>\n\t\t\t\t\t\t\t\t\t<\/div>\n\t\t\t\t\t\t\t\t<\/figcaption>\n\t\t\t\t\t\t\t<\/figure>\n\n\t\t\t\t\t\t\t<div class=\"project-info\">\n\t\t\t\t\t\t\t\t<div class=\"project-info-wrap\">\n\t\t\t\t\t\t\t\t\t<ul class=\"project-categories\">\n\t\t\t\t\t\t\t\t\t\t<li><a href=\"https:\/\/cositalcantabria.org\/web\/index.php\/nproject-category\/interinidades\/\" rel=\"tag\">Interinidades<\/a><\/li><li><a href=\"https:\/\/cositalcantabria.org\/web\/index.php\/nproject-category\/vacantes\/\" rel=\"tag\">Vacantes<\/a><\/li>\t\t\t\t\t\t\t\t\t<\/ul>\n\t\t\t\t\t\t\t\t\t<h3 class=\"project-title\" itemprop=\"name headline\">\n\t\t\t\t\t\t\t\t\t\t<a href=\"https:\/\/cositalcantabria.org\/web\/index.php\/nproject\/vacante-la-plaza-de-secretaria-intervencion-para-el-ayuntamiento-de-mazcuerras-duplicate-1\/\">\n\t\t\t\t\t\t\t\t\t\t\tVacante el puesto de Secretar\u00eda-Intervenci\u00f3n del Ayuntamiento de Vega de Li\u00e9bana\t\t\t\t\t\t\t\t\t\t<\/a>\n\t\t\t\t\t\t\t\t\t<\/h3>\n\t\t\t\t\t\t\t\t<\/div>\n\t\t\t\t\t\t\t<\/div>\n\t\t\t\t\t\t<\/div>\n\t\t\t\t\t<\/div>\n\t\t\t\t\t<!-- \/Project -->\n\n\t\t\t\t\t\t\t\t\t\n\t\t\t\t\t<!-- Project -->\n\t\t\t\t\t<div class=\"project post-1549 nproject type-nproject status-publish has-post-thumbnail hentry nproject-category-interinidades nproject-category-vacantes\" itemscope=\"itemscope\" itemtype=\"http:\/\/schema.org\/CreativeWork\">\n\t\t\t\t\t\t<div class=\"project-wrap\">\n\t\t\t\t\t\t\t<figure class=\"project-thumbnail\">\n\t\t\t\t\t\t\t\t<a href=\"https:\/\/cositalcantabria.org\/web\/index.php\/nproject\/vacante-en-la-plaza-de-secretaria-intervencion-para-el-ayuntamiento-de-mazcuerras\/\">\n\t\t\t\t\t\t\t\t\t<img loading=\"lazy\" decoding=\"async\" class=\"\" src=\"https:\/\/cositalcantabria.org\/web\/wp-content\/uploads\/2026\/03\/mazcuerras-600x413.jpg\" width=\"600\" height=\"413\" alt=\"mazcuerras\" title=\"mazcuerras\" \/>\t\t\t\t\t\t\t\t<\/a>\n\t\t\t\t\t\t\t\t\n\t\t\t\t\t\t\t\t<figcaption>\n\t\t\t\t\t\t\t\t\t<div class=\"project-buttons\">\n\t\t\t\t\t\t\t\t\t\t\t\t\t\t\t\t\t\t\t\t<a href=\"https:\/\/cositalcantabria.org\/web\/wp-content\/uploads\/2026\/03\/mazcuerras.jpg\" class=\"project-quick-view\" data-lightbox=\"nivoLightbox\">\n\t\t\t\t\t\t\t\t\t\t\t<span>Quick View<\/span>\n\t\t\t\t\t\t\t\t\t\t<\/a>\n\t\t\t\t\t\t\t\t\t<\/div>\n\t\t\t\t\t\t\t\t<\/figcaption>\n\t\t\t\t\t\t\t<\/figure>\n\n\t\t\t\t\t\t\t<div class=\"project-info\">\n\t\t\t\t\t\t\t\t<div class=\"project-info-wrap\">\n\t\t\t\t\t\t\t\t\t<ul class=\"project-categories\">\n\t\t\t\t\t\t\t\t\t\t<li><a href=\"https:\/\/cositalcantabria.org\/web\/index.php\/nproject-category\/interinidades\/\" rel=\"tag\">Interinidades<\/a><\/li><li><a href=\"https:\/\/cositalcantabria.org\/web\/index.php\/nproject-category\/vacantes\/\" rel=\"tag\">Vacantes<\/a><\/li>\t\t\t\t\t\t\t\t\t<\/ul>\n\t\t\t\t\t\t\t\t\t<h3 class=\"project-title\" itemprop=\"name headline\">\n\t\t\t\t\t\t\t\t\t\t<a href=\"https:\/\/cositalcantabria.org\/web\/index.php\/nproject\/vacante-en-la-plaza-de-secretaria-intervencion-para-el-ayuntamiento-de-mazcuerras\/\">\n\t\t\t\t\t\t\t\t\t\t\tVacante la plaza de Secretar\u00eda \u2013 Intervenci\u00f3n para el Ayuntamiento de Mazcuerras\t\t\t\t\t\t\t\t\t\t<\/a>\n\t\t\t\t\t\t\t\t\t<\/h3>\n\t\t\t\t\t\t\t\t<\/div>\n\t\t\t\t\t\t\t<\/div>\n\t\t\t\t\t\t<\/div>\n\t\t\t\t\t<\/div>\n\t\t\t\t\t<!-- \/Project -->\n\n\t\t\t\t\t\t\t\t\t\n\t\t\t\t\t<!-- Project -->\n\t\t\t\t\t<div class=\"project post-1536 nproject type-nproject status-publish has-post-thumbnail hentry nproject-category-interinidades nproject-category-vacantes\" itemscope=\"itemscope\" itemtype=\"http:\/\/schema.org\/CreativeWork\">\n\t\t\t\t\t\t<div class=\"project-wrap\">\n\t\t\t\t\t\t\t<figure class=\"project-thumbnail\">\n\t\t\t\t\t\t\t\t<a href=\"https:\/\/cositalcantabria.org\/web\/index.php\/nproject\/vacante-la-plaza-de-secretaria-intervencion-de-los-municipios-de-lamason-y-tudanca\/\">\n\t\t\t\t\t\t\t\t\t<img loading=\"lazy\" decoding=\"async\" class=\"\" src=\"https:\/\/cositalcantabria.org\/web\/wp-content\/uploads\/2026\/02\/lamason-600x413.jpg\" width=\"600\" height=\"413\" alt=\"lamason\" title=\"lamason\" \/>\t\t\t\t\t\t\t\t<\/a>\n\t\t\t\t\t\t\t\t\n\t\t\t\t\t\t\t\t<figcaption>\n\t\t\t\t\t\t\t\t\t<div class=\"project-buttons\">\n\t\t\t\t\t\t\t\t\t\t\t\t\t\t\t\t\t\t\t\t<a href=\"https:\/\/cositalcantabria.org\/web\/wp-content\/uploads\/2026\/02\/lamason.jpg\" class=\"project-quick-view\" data-lightbox=\"nivoLightbox\">\n\t\t\t\t\t\t\t\t\t\t\t<span>Quick View<\/span>\n\t\t\t\t\t\t\t\t\t\t<\/a>\n\t\t\t\t\t\t\t\t\t<\/div>\n\t\t\t\t\t\t\t\t<\/figcaption>\n\t\t\t\t\t\t\t<\/figure>\n\n\t\t\t\t\t\t\t<div class=\"project-info\">\n\t\t\t\t\t\t\t\t<div class=\"project-info-wrap\">\n\t\t\t\t\t\t\t\t\t<ul class=\"project-categories\">\n\t\t\t\t\t\t\t\t\t\t<li><a href=\"https:\/\/cositalcantabria.org\/web\/index.php\/nproject-category\/interinidades\/\" rel=\"tag\">Interinidades<\/a><\/li><li><a href=\"https:\/\/cositalcantabria.org\/web\/index.php\/nproject-category\/vacantes\/\" rel=\"tag\">Vacantes<\/a><\/li>\t\t\t\t\t\t\t\t\t<\/ul>\n\t\t\t\t\t\t\t\t\t<h3 class=\"project-title\" itemprop=\"name headline\">\n\t\t\t\t\t\t\t\t\t\t<a href=\"https:\/\/cositalcantabria.org\/web\/index.php\/nproject\/vacante-la-plaza-de-secretaria-intervencion-de-los-municipios-de-lamason-y-tudanca\/\">\n\t\t\t\t\t\t\t\t\t\t\tVacante la plaza de Secretar\u00eda-Intervenci\u00f3n de los municipios de Lamas\u00f3n y Tudanca\t\t\t\t\t\t\t\t\t\t<\/a>\n\t\t\t\t\t\t\t\t\t<\/h3>\n\t\t\t\t\t\t\t\t<\/div>\n\t\t\t\t\t\t\t<\/div>\n\t\t\t\t\t\t<\/div>\n\t\t\t\t\t<\/div>\n\t\t\t\t\t<!-- \/Project -->\n\n\t\t\t\t\t\t\t\t\t\n\t\t\t\t\t<!-- Project -->\n\t\t\t\t\t<div class=\"project post-1526 nproject type-nproject status-publish has-post-thumbnail hentry nproject-category-interinidades nproject-category-vacantes\" itemscope=\"itemscope\" itemtype=\"http:\/\/schema.org\/CreativeWork\">\n\t\t\t\t\t\t<div class=\"project-wrap\">\n\t\t\t\t\t\t\t<figure class=\"project-thumbnail\">\n\t\t\t\t\t\t\t\t<a href=\"https:\/\/cositalcantabria.org\/web\/index.php\/nproject\/nombramiento-temporal-de-secretaria-para-el-ayuntamiento-de-ribamontan-al-mar\/\">\n\t\t\t\t\t\t\t\t\t<img loading=\"lazy\" decoding=\"async\" class=\"\" src=\"https:\/\/cositalcantabria.org\/web\/wp-content\/uploads\/2026\/02\/ayto_ribamontan_mar-600x413.jpg\" width=\"600\" height=\"413\" alt=\"ayto_ribamontan_mar\" title=\"ayto_ribamontan_mar\" \/>\t\t\t\t\t\t\t\t<\/a>\n\t\t\t\t\t\t\t\t\n\t\t\t\t\t\t\t\t<figcaption>\n\t\t\t\t\t\t\t\t\t<div class=\"project-buttons\">\n\t\t\t\t\t\t\t\t\t\t\t\t\t\t\t\t\t\t\t\t<a href=\"https:\/\/cositalcantabria.org\/web\/wp-content\/uploads\/2026\/02\/ayto_ribamontan_mar.jpg\" class=\"project-quick-view\" data-lightbox=\"nivoLightbox\">\n\t\t\t\t\t\t\t\t\t\t\t<span>Quick View<\/span>\n\t\t\t\t\t\t\t\t\t\t<\/a>\n\t\t\t\t\t\t\t\t\t<\/div>\n\t\t\t\t\t\t\t\t<\/figcaption>\n\t\t\t\t\t\t\t<\/figure>\n\n\t\t\t\t\t\t\t<div class=\"project-info\">\n\t\t\t\t\t\t\t\t<div class=\"project-info-wrap\">\n\t\t\t\t\t\t\t\t\t<ul class=\"project-categories\">\n\t\t\t\t\t\t\t\t\t\t<li><a href=\"https:\/\/cositalcantabria.org\/web\/index.php\/nproject-category\/interinidades\/\" rel=\"tag\">Interinidades<\/a><\/li><li><a href=\"https:\/\/cositalcantabria.org\/web\/index.php\/nproject-category\/vacantes\/\" rel=\"tag\">Vacantes<\/a><\/li>\t\t\t\t\t\t\t\t\t<\/ul>\n\t\t\t\t\t\t\t\t\t<h3 class=\"project-title\" itemprop=\"name headline\">\n\t\t\t\t\t\t\t\t\t\t<a href=\"https:\/\/cositalcantabria.org\/web\/index.php\/nproject\/nombramiento-temporal-de-secretaria-para-el-ayuntamiento-de-ribamontan-al-mar\/\">\n\t\t\t\t\t\t\t\t\t\t\tNombramiento temporal de Secretar\u00eda para el Ayuntamiento de Ribamont\u00e1n al Mar\t\t\t\t\t\t\t\t\t\t<\/a>\n\t\t\t\t\t\t\t\t\t<\/h3>\n\t\t\t\t\t\t\t\t<\/div>\n\t\t\t\t\t\t\t<\/div>\n\t\t\t\t\t\t<\/div>\n\t\t\t\t\t<\/div>\n\t\t\t\t\t<!-- \/Project -->\n\n\t\t\t\t\t\t\t\t\t\n\t\t\t\t\t<!-- Project -->\n\t\t\t\t\t<div class=\"project post-1525 nproject type-nproject status-publish has-post-thumbnail hentry nproject-category-vacantes\" itemscope=\"itemscope\" itemtype=\"http:\/\/schema.org\/CreativeWork\">\n\t\t\t\t\t\t<div class=\"project-wrap\">\n\t\t\t\t\t\t\t<figure class=\"project-thumbnail\">\n\t\t\t\t\t\t\t\t<a href=\"https:\/\/cositalcantabria.org\/web\/index.php\/nproject\/solicitud-de-plaza-de-vicesecretario-para-el-ayuntamiento-de-camargo\/\">\n\t\t\t\t\t\t\t\t\t<img loading=\"lazy\" decoding=\"async\" class=\"\" src=\"https:\/\/cositalcantabria.org\/web\/wp-content\/uploads\/2025\/11\/ayto_camargo-600x413.jpg\" width=\"600\" height=\"413\" alt=\"ayto_camargo\" title=\"ayto_camargo\" \/>\t\t\t\t\t\t\t\t<\/a>\n\t\t\t\t\t\t\t\t\n\t\t\t\t\t\t\t\t<figcaption>\n\t\t\t\t\t\t\t\t\t<div class=\"project-buttons\">\n\t\t\t\t\t\t\t\t\t\t\t\t\t\t\t\t\t\t\t\t<a href=\"https:\/\/cositalcantabria.org\/web\/wp-content\/uploads\/2025\/11\/ayto_camargo.jpg\" class=\"project-quick-view\" data-lightbox=\"nivoLightbox\">\n\t\t\t\t\t\t\t\t\t\t\t<span>Quick View<\/span>\n\t\t\t\t\t\t\t\t\t\t<\/a>\n\t\t\t\t\t\t\t\t\t<\/div>\n\t\t\t\t\t\t\t\t<\/figcaption>\n\t\t\t\t\t\t\t<\/figure>\n\n\t\t\t\t\t\t\t<div class=\"project-info\">\n\t\t\t\t\t\t\t\t<div class=\"project-info-wrap\">\n\t\t\t\t\t\t\t\t\t<ul class=\"project-categories\">\n\t\t\t\t\t\t\t\t\t\t<li><a href=\"https:\/\/cositalcantabria.org\/web\/index.php\/nproject-category\/vacantes\/\" rel=\"tag\">Vacantes<\/a><\/li>\t\t\t\t\t\t\t\t\t<\/ul>\n\t\t\t\t\t\t\t\t\t<h3 class=\"project-title\" itemprop=\"name headline\">\n\t\t\t\t\t\t\t\t\t\t<a href=\"https:\/\/cositalcantabria.org\/web\/index.php\/nproject\/solicitud-de-plaza-de-vicesecretario-para-el-ayuntamiento-de-camargo\/\">\n\t\t\t\t\t\t\t\t\t\t\tSolicitud de plaza de Vicesecretario para el Ayuntamiento de Camargo\t\t\t\t\t\t\t\t\t\t<\/a>\n\t\t\t\t\t\t\t\t\t<\/h3>\n\t\t\t\t\t\t\t\t<\/div>\n\t\t\t\t\t\t\t<\/div>\n\t\t\t\t\t\t<\/div>\n\t\t\t\t\t<\/div>\n\t\t\t\t\t<!-- \/Project -->\n\n\t\t\t\t\t\t\t\t\t\n\t\t\t\t\t<!-- Project -->\n\t\t\t\t\t<div class=\"project post-1514 nproject type-nproject status-publish has-post-thumbnail hentry nproject-category-vacantes\" itemscope=\"itemscope\" itemtype=\"http:\/\/schema.org\/CreativeWork\">\n\t\t\t\t\t\t<div class=\"project-wrap\">\n\t\t\t\t\t\t\t<figure class=\"project-thumbnail\">\n\t\t\t\t\t\t\t\t<a href=\"https:\/\/cositalcantabria.org\/web\/index.php\/nproject\/vacante-la-plaza-de-secretario-general-en-el-ayuntamiento-de-camargo\/\">\n\t\t\t\t\t\t\t\t\t<img loading=\"lazy\" decoding=\"async\" class=\"\" src=\"https:\/\/cositalcantabria.org\/web\/wp-content\/uploads\/2025\/11\/ayto_camargo-600x413.jpg\" width=\"600\" height=\"413\" alt=\"ayto_camargo\" title=\"ayto_camargo\" \/>\t\t\t\t\t\t\t\t<\/a>\n\t\t\t\t\t\t\t\t\n\t\t\t\t\t\t\t\t<figcaption>\n\t\t\t\t\t\t\t\t\t<div class=\"project-buttons\">\n\t\t\t\t\t\t\t\t\t\t\t\t\t\t\t\t\t\t\t\t<a href=\"https:\/\/cositalcantabria.org\/web\/wp-content\/uploads\/2025\/11\/ayto_camargo.jpg\" class=\"project-quick-view\" data-lightbox=\"nivoLightbox\">\n\t\t\t\t\t\t\t\t\t\t\t<span>Quick View<\/span>\n\t\t\t\t\t\t\t\t\t\t<\/a>\n\t\t\t\t\t\t\t\t\t<\/div>\n\t\t\t\t\t\t\t\t<\/figcaption>\n\t\t\t\t\t\t\t<\/figure>\n\n\t\t\t\t\t\t\t<div class=\"project-info\">\n\t\t\t\t\t\t\t\t<div class=\"project-info-wrap\">\n\t\t\t\t\t\t\t\t\t<ul class=\"project-categories\">\n\t\t\t\t\t\t\t\t\t\t<li><a href=\"https:\/\/cositalcantabria.org\/web\/index.php\/nproject-category\/vacantes\/\" rel=\"tag\">Vacantes<\/a><\/li>\t\t\t\t\t\t\t\t\t<\/ul>\n\t\t\t\t\t\t\t\t\t<h3 class=\"project-title\" itemprop=\"name headline\">\n\t\t\t\t\t\t\t\t\t\t<a href=\"https:\/\/cositalcantabria.org\/web\/index.php\/nproject\/vacante-la-plaza-de-secretario-general-en-el-ayuntamiento-de-camargo\/\">\n\t\t\t\t\t\t\t\t\t\t\tVacante la plaza de Secretario general en el Ayuntamiento de Camargo\t\t\t\t\t\t\t\t\t\t<\/a>\n\t\t\t\t\t\t\t\t\t<\/h3>\n\t\t\t\t\t\t\t\t<\/div>\n\t\t\t\t\t\t\t<\/div>\n\t\t\t\t\t\t<\/div>\n\t\t\t\t\t<\/div>\n\t\t\t\t\t<!-- \/Project -->\n\n\t\t\t\t\t\t\t\t\t\n\t\t\t\t\t<!-- Project -->\n\t\t\t\t\t<div class=\"project post-1492 nproject type-nproject status-publish has-post-thumbnail hentry nproject-category-vacantes\" itemscope=\"itemscope\" itemtype=\"http:\/\/schema.org\/CreativeWork\">\n\t\t\t\t\t\t<div class=\"project-wrap\">\n\t\t\t\t\t\t\t<figure class=\"project-thumbnail\">\n\t\t\t\t\t\t\t\t<a href=\"https:\/\/cositalcantabria.org\/web\/index.php\/nproject\/puesto-de-trabajo-de-colaboracion-de-vicesecretario-a-interventor-a-del-ayuntamiento-de-laredo\/\">\n\t\t\t\t\t\t\t\t\t<img loading=\"lazy\" decoding=\"async\" class=\"\" src=\"https:\/\/cositalcantabria.org\/web\/wp-content\/uploads\/2025\/11\/ayto_laredo-600x413.jpg\" width=\"600\" height=\"413\" alt=\"ayto_laredo\" title=\"ayto_laredo\" \/>\t\t\t\t\t\t\t\t<\/a>\n\t\t\t\t\t\t\t\t\n\t\t\t\t\t\t\t\t<figcaption>\n\t\t\t\t\t\t\t\t\t<div class=\"project-buttons\">\n\t\t\t\t\t\t\t\t\t\t\t\t\t\t\t\t\t\t\t\t<a href=\"https:\/\/cositalcantabria.org\/web\/wp-content\/uploads\/2025\/11\/ayto_laredo.jpg\" class=\"project-quick-view\" data-lightbox=\"nivoLightbox\">\n\t\t\t\t\t\t\t\t\t\t\t<span>Quick View<\/span>\n\t\t\t\t\t\t\t\t\t\t<\/a>\n\t\t\t\t\t\t\t\t\t<\/div>\n\t\t\t\t\t\t\t\t<\/figcaption>\n\t\t\t\t\t\t\t<\/figure>\n\n\t\t\t\t\t\t\t<div class=\"project-info\">\n\t\t\t\t\t\t\t\t<div class=\"project-info-wrap\">\n\t\t\t\t\t\t\t\t\t<ul class=\"project-categories\">\n\t\t\t\t\t\t\t\t\t\t<li><a href=\"https:\/\/cositalcantabria.org\/web\/index.php\/nproject-category\/vacantes\/\" rel=\"tag\">Vacantes<\/a><\/li>\t\t\t\t\t\t\t\t\t<\/ul>\n\t\t\t\t\t\t\t\t\t<h3 class=\"project-title\" itemprop=\"name headline\">\n\t\t\t\t\t\t\t\t\t\t<a href=\"https:\/\/cositalcantabria.org\/web\/index.php\/nproject\/puesto-de-trabajo-de-colaboracion-de-vicesecretario-a-interventor-a-del-ayuntamiento-de-laredo\/\">\n\t\t\t\t\t\t\t\t\t\t\tPuesto de trabajo de colaboraci\u00f3n de Vicesecretario\/a-Interventor\/a del Ayuntamiento de Laredo\t\t\t\t\t\t\t\t\t\t<\/a>\n\t\t\t\t\t\t\t\t\t<\/h3>\n\t\t\t\t\t\t\t\t<\/div>\n\t\t\t\t\t\t\t<\/div>\n\t\t\t\t\t\t<\/div>\n\t\t\t\t\t<\/div>\n\t\t\t\t\t<!-- \/Project -->\n\n\t\t\t\t\t\t\t\t\t\n\t\t\t\t\t<!-- Project -->\n\t\t\t\t\t<div class=\"project post-1488 nproject type-nproject status-publish has-post-thumbnail hentry nproject-category-vacantes\" itemscope=\"itemscope\" itemtype=\"http:\/\/schema.org\/CreativeWork\">\n\t\t\t\t\t\t<div class=\"project-wrap\">\n\t\t\t\t\t\t\t<figure class=\"project-thumbnail\">\n\t\t\t\t\t\t\t\t<a href=\"https:\/\/cositalcantabria.org\/web\/index.php\/nproject\/vacante-la-plaza-de-secretario-general-en-el-ayuntamiento-de-laredo\/\">\n\t\t\t\t\t\t\t\t\t<img loading=\"lazy\" decoding=\"async\" class=\"\" src=\"https:\/\/cositalcantabria.org\/web\/wp-content\/uploads\/2025\/11\/ayto_laredo-600x413.jpg\" width=\"600\" height=\"413\" alt=\"ayto_laredo\" title=\"ayto_laredo\" \/>\t\t\t\t\t\t\t\t<\/a>\n\t\t\t\t\t\t\t\t\n\t\t\t\t\t\t\t\t<figcaption>\n\t\t\t\t\t\t\t\t\t<div class=\"project-buttons\">\n\t\t\t\t\t\t\t\t\t\t\t\t\t\t\t\t\t\t\t\t<a href=\"https:\/\/cositalcantabria.org\/web\/wp-content\/uploads\/2025\/11\/ayto_laredo.jpg\" class=\"project-quick-view\" data-lightbox=\"nivoLightbox\">\n\t\t\t\t\t\t\t\t\t\t\t<span>Quick View<\/span>\n\t\t\t\t\t\t\t\t\t\t<\/a>\n\t\t\t\t\t\t\t\t\t<\/div>\n\t\t\t\t\t\t\t\t<\/figcaption>\n\t\t\t\t\t\t\t<\/figure>\n\n\t\t\t\t\t\t\t<div class=\"project-info\">\n\t\t\t\t\t\t\t\t<div class=\"project-info-wrap\">\n\t\t\t\t\t\t\t\t\t<ul class=\"project-categories\">\n\t\t\t\t\t\t\t\t\t\t<li><a href=\"https:\/\/cositalcantabria.org\/web\/index.php\/nproject-category\/vacantes\/\" rel=\"tag\">Vacantes<\/a><\/li>\t\t\t\t\t\t\t\t\t<\/ul>\n\t\t\t\t\t\t\t\t\t<h3 class=\"project-title\" itemprop=\"name headline\">\n\t\t\t\t\t\t\t\t\t\t<a href=\"https:\/\/cositalcantabria.org\/web\/index.php\/nproject\/vacante-la-plaza-de-secretario-general-en-el-ayuntamiento-de-laredo\/\">\n\t\t\t\t\t\t\t\t\t\t\tVacante la plaza de Secretario general en el Ayuntamiento de Laredo\t\t\t\t\t\t\t\t\t\t<\/a>\n\t\t\t\t\t\t\t\t\t<\/h3>\n\t\t\t\t\t\t\t\t<\/div>\n\t\t\t\t\t\t\t<\/div>\n\t\t\t\t\t\t<\/div>\n\t\t\t\t\t<\/div>\n\t\t\t\t\t<!-- \/Project -->\n\n\t\t\t\t\n\t\t\t<\/div>\n\t\t<\/div>\n\t<\/div>\n\t<!-- END: .projects -->\n[\/vc_column][\/vc_row]<\/p>\n","protected":false},"excerpt":{"rendered":"<p>[vc_row][vc_column][\/vc_column][\/vc_row]<\/p>\n","protected":false},"author":1,"featured_media":0,"parent":0,"menu_order":0,"comment_status":"closed","ping_status":"closed","template":"","meta":{"footnotes":""},"class_list":["post-189","page","type-page","status-publish","hentry"],"_links":{"self":[{"href":"https:\/\/cositalcantabria.org\/web\/index.php\/wp-json\/wp\/v2\/pages\/189","targetHints":{"allow":["GET"]}}],"collection":[{"href":"https:\/\/cositalcantabria.org\/web\/index.php\/wp-json\/wp\/v2\/pages"}],"about":[{"href":"https:\/\/cositalcantabria.org\/web\/index.php\/wp-json\/wp\/v2\/types\/page"}],"author":[{"embeddable":true,"href":"https:\/\/cositalcantabria.org\/web\/index.php\/wp-json\/wp\/v2\/users\/1"}],"replies":[{"embeddable":true,"href":"https:\/\/cositalcantabria.org\/web\/index.php\/wp-json\/wp\/v2\/comments?post=189"}],"version-history":[{"count":4,"href":"https:\/\/cositalcantabria.org\/web\/index.php\/wp-json\/wp\/v2\/pages\/189\/revisions"}],"predecessor-version":[{"id":923,"href":"https:\/\/cositalcantabria.org\/web\/index.php\/wp-json\/wp\/v2\/pages\/189\/revisions\/923"}],"wp:attachment":[{"href":"https:\/\/cositalcantabria.org\/web\/index.php\/wp-json\/wp\/v2\/media?parent=189"}],"curies":[{"name":"wp","href":"https:\/\/api.w.org\/{rel}","templated":true}]}}