{"id":13,"date":"2016-04-12T10:03:56","date_gmt":"2016-04-12T10:03:56","guid":{"rendered":"https:\/\/cositalcantabria.org\/web\/?page_id=13"},"modified":"2022-02-22T12:12:02","modified_gmt":"2022-02-22T12:12:02","slug":"contacto","status":"publish","type":"page","link":"https:\/\/cositalcantabria.org\/web\/index.php\/contacto\/","title":{"rendered":"Contacto"},"content":{"rendered":"<p>[vc_row][vc_column][vc_column_text]<\/p>\n<h2 style=\"margin: 50px 0 10px 0;\">Contacte con COSITAL Cantabria<\/h2>\n<h4 class=\"no-margin-top\">Para cualquier comentario o sugerencia <a class=\"scheme2\" href=\"#\">rellene el siguiente formulario<\/a><\/h4>\n<p>[\/vc_column_text][vc_empty_space height=\u00bb50px\u00bb][\/vc_column][\/vc_row][vc_row full_width=\u00bbstretch_row\u00bb css=\u00bb.vc_custom_1461748192227{padding-top: 50px !important;padding-bottom: 20px !important;background: #f1f2f8 url(https:\/\/cositalcantabria.org\/web\/wp-content\/uploads\/2016\/04\/page-title-bg.png?id=4) !important;background-position: center !important;background-repeat: no-repeat !important;background-size: cover !important;}\u00bb][vc_column width=\u00bb1\/3&#8243;]<div class=\"iconbox \">\n\t<div class=\"box-header\">\n\t\t<div class=\"box-icon\"><i class=\"fas fa-home\"><\/i><\/div>\n\t\t<h5 class=\"box-title\">Estamos en...<\/h5>\n\t<\/div>\n\t<div class=\"box-content\">\n\t\t<p>COSITAL Cantabria tiene su sede en:<\/p>\n<p>Pol\u00edgono de Trascueto, Centro de Empresas<br \/>\n39600 Camargo | Cantabria<\/p>\n\n\t\t\n\t<\/div>\n<\/div>[vc_empty_space height=\u00bb30px\u00bb][\/vc_column][vc_column width=\u00bb1\/3&#8243;]<div class=\"iconbox \">\n\t<div class=\"box-header\">\n\t\t<div class=\"box-icon\"><i class=\"far fa-envelope-open\"><\/i><\/div>\n\t\t<h5 class=\"box-title\">para comentarios<\/h5>\n\t<\/div>\n\t<div class=\"box-content\">\n\t\t\n\t\t\n\t<\/div>\n<\/div>[vc_empty_space height=\u00bb30px\u00bb][\/vc_column][vc_column width=\u00bb1\/3&#8243;]<div class=\"iconbox \">\n\t<div class=\"box-header\">\n\t\t<div class=\"box-icon\"><i class=\"far fa-envelope\"><\/i><\/div>\n\t\t<h5 class=\"box-title\">para sugerencias<\/h5>\n\t<\/div>\n\t<div class=\"box-content\">\n\t\t\n\t\t\n\t<\/div>\n<\/div>[vc_empty_space height=\u00bb30px\u00bb][\/vc_column][\/vc_row][vc_row css=\u00bb.vc_custom_1640100578051{padding-top: 60px !important;padding-bottom: 30px !important;}\u00bb][vc_column width=\u00bb1\/3&#8243;][vc_column_text]<\/p>\n<h4 class=\"no-margin-top\">Informaci\u00f3n de Inter\u00e9s<\/h4>\n<p><span style=\"font-size: small;\">COSITAL Cantabria informa:<br \/>\nLos datos personales facilitados voluntariamente por usted, a trav\u00e9s del presente formulario web ser\u00e1n tratados, por COSITAL Cantabria como responsable del tratamiento, con la finalidad de atender su solicitud, consulta, queja o sugerencia, sin que se produzca comunicaciones o cesiones de datos y conservados durante los plazos necesarios para atender su solicitud. No se prev\u00e9n cesiones o comunicaciones de datos. Puede usted ejercer los derechos de accesos, rectificaci\u00f3n o supresi\u00f3n de sus datos, dirigi\u00e9ndose a COSITAL Cantabria, con domicilio en Pol\u00edgono de Trascueto, Centro de Empresas | 39600 &#8211; Camargo | Cantabria.Para m\u00e1s informaci\u00f3n al respecto, puede consultar nuestro <a href=\"politica-privacidad\"><strong>Aviso Legal y Pol\u00edtica de Privacidad<\/strong><\/a>.<\/span>[\/vc_column_text][vc_empty_space height=\u00bb30px\u00bb][\/vc_column][vc_column width=\u00bb2\/3&#8243;]<div class=\"wpforms-container wpforms-container-full\" id=\"wpforms-547\"><form id=\"wpforms-form-547\" class=\"wpforms-validate wpforms-form wpforms-ajax-form\" data-formid=\"547\" method=\"post\" enctype=\"multipart\/form-data\" action=\"\/web\/index.php\/wp-json\/wp\/v2\/pages\/13\" data-token=\"f89882d88f0bbdeda87d23c53420593a\" data-token-time=\"1776227533\"><noscript class=\"wpforms-error-noscript\">Por favor, activa JavaScript en tu navegador para completar este formulario.<\/noscript><div class=\"wpforms-field-container\"><div id=\"wpforms-547-field_0-container\" class=\"wpforms-field wpforms-field-name\" data-field-id=\"0\"><label class=\"wpforms-field-label\">Nombre \/ Apellidos <span class=\"wpforms-required-label\">*<\/span><\/label><div class=\"wpforms-field-row wpforms-field-medium\"><div class=\"wpforms-field-row-block wpforms-first wpforms-one-half\"><input type=\"text\" id=\"wpforms-547-field_0\" class=\"wpforms-field-name-first wpforms-field-required\" name=\"wpforms[fields][0][first]\" required><label for=\"wpforms-547-field_0\" class=\"wpforms-field-sublabel after\">Nombre<\/label><\/div><div class=\"wpforms-field-row-block wpforms-one-half\"><input type=\"text\" id=\"wpforms-547-field_0-last\" class=\"wpforms-field-name-last wpforms-field-required\" name=\"wpforms[fields][0][last]\" required><label for=\"wpforms-547-field_0-last\" class=\"wpforms-field-sublabel after\">Apellidos<\/label><\/div><\/div><\/div><div id=\"wpforms-547-field_1-container\" class=\"wpforms-field wpforms-field-email\" data-field-id=\"1\"><label class=\"wpforms-field-label\" for=\"wpforms-547-field_1\">Email <span class=\"wpforms-required-label\">*<\/span><\/label><input type=\"email\" id=\"wpforms-547-field_1\" class=\"wpforms-field-medium wpforms-field-required\" name=\"wpforms[fields][1]\" spellcheck=\"false\" required><\/div><div id=\"wpforms-547-field_8-container\" class=\"wpforms-field wpforms-field-text\" data-field-id=\"8\"><label class=\"wpforms-field-label\" for=\"wpforms-547-field_8\">Tel\u00e9fono<\/label><input type=\"text\" id=\"wpforms-547-field_8\" class=\"wpforms-field-medium\" name=\"wpforms[fields][8]\" ><\/div><div id=\"wpforms-547-field_7-container\" class=\"wpforms-field wpforms-field-text\" data-field-id=\"7\"><label class=\"wpforms-field-label\" for=\"wpforms-547-field_7\">Asunto<\/label><input type=\"text\" id=\"wpforms-547-field_7\" class=\"wpforms-field-medium\" name=\"wpforms[fields][7]\" ><\/div><div id=\"wpforms-547-field_2-container\" class=\"wpforms-field wpforms-field-textarea\" data-field-id=\"2\"><label class=\"wpforms-field-label\" for=\"wpforms-547-field_2\">Mensaje <span class=\"wpforms-required-label\">*<\/span><\/label><textarea id=\"wpforms-547-field_2\" class=\"wpforms-field-medium wpforms-field-required\" name=\"wpforms[fields][2]\" required><\/textarea><\/div><div id=\"wpforms-547-field_4-container\" class=\"wpforms-field wpforms-field-checkbox\" data-field-id=\"4\"><label class=\"wpforms-field-label\">He le\u00eddo y Acepto la Pol\u00edtica de Privacidad <span class=\"wpforms-required-label\">*<\/span><\/label><ul id=\"wpforms-547-field_4\" class=\"wpforms-field-required\"><li class=\"choice-1 depth-1 wpforms-selected\"><input type=\"checkbox\" id=\"wpforms-547-field_4_1\" name=\"wpforms[fields][4][]\" value=\"Acepto\" required  checked='checked'><label class=\"wpforms-field-label-inline\" for=\"wpforms-547-field_4_1\">Acepto<\/label><\/li><\/ul><\/div><\/div><!-- .wpforms-field-container --><div class=\"wpforms-recaptcha-container wpforms-is-recaptcha wpforms-is-recaptcha-type-v3\" ><input type=\"hidden\" name=\"wpforms[recaptcha]\" value=\"\"><\/div><div class=\"wpforms-submit-container\" ><input type=\"hidden\" name=\"wpforms[id]\" value=\"547\"><input type=\"hidden\" name=\"page_title\" value=\"\"><input type=\"hidden\" name=\"page_url\" value=\"https:\/\/cositalcantabria.org\/web\/index.php\/wp-json\/wp\/v2\/pages\/13\"><input type=\"hidden\" name=\"url_referer\" value=\"\"><button type=\"submit\" name=\"wpforms[submit]\" id=\"wpforms-submit-547\" class=\"wpforms-submit\" data-alt-text=\"Enviando....\" data-submit-text=\"Enviar\" aria-live=\"assertive\" value=\"wpforms-submit\">Enviar<\/button><img loading=\"lazy\" decoding=\"async\" src=\"https:\/\/cositalcantabria.org\/web\/wp-content\/plugins\/wpforms-lite\/assets\/images\/submit-spin.svg\" class=\"wpforms-submit-spinner\" style=\"display: none;\" width=\"26\" height=\"26\" alt=\"Cargando\"><\/div><\/form><\/div>  <!-- .wpforms-container -->[\/vc_column][\/vc_row][vc_row full_width=\u00bbstretch_row_content_no_spaces\u00bb css=\u00bb.vc_custom_1461768125362{margin-bottom: -50px !important;border-top-width: 1px !important;border-top-color: rgba(23,76,129,0.1) !important;border-top-style: solid !important;}\u00bb][vc_column][\/vc_column][\/vc_row]<\/p>\n","protected":false},"excerpt":{"rendered":"<p>[vc_row][vc_column][vc_column_text] Contacte con COSITAL Cantabria Para cualquier comentario o sugerencia rellene el siguiente formulario [\/vc_column_text][vc_empty_space height=\u00bb50px\u00bb][\/vc_column][\/vc_row][vc_row full_width=\u00bbstretch_row\u00bb css=\u00bb.vc_custom_1461748192227{padding-top: 50px !important;padding-bottom: 20px !important;background: #f1f2f8 url(https:\/\/cositalcantabria.org\/web\/wp-content\/uploads\/2016\/04\/page-title-bg.png?id=4) !important;background-position: center !important;background-repeat: no-repeat !important;background-size: cover [&hellip;]<\/p>\n","protected":false},"author":1,"featured_media":0,"parent":0,"menu_order":0,"comment_status":"closed","ping_status":"closed","template":"","meta":{"footnotes":""},"class_list":["post-13","page","type-page","status-publish","hentry","no-post-thumbnail"],"_links":{"self":[{"href":"https:\/\/cositalcantabria.org\/web\/index.php\/wp-json\/wp\/v2\/pages\/13","targetHints":{"allow":["GET"]}}],"collection":[{"href":"https:\/\/cositalcantabria.org\/web\/index.php\/wp-json\/wp\/v2\/pages"}],"about":[{"href":"https:\/\/cositalcantabria.org\/web\/index.php\/wp-json\/wp\/v2\/types\/page"}],"author":[{"embeddable":true,"href":"https:\/\/cositalcantabria.org\/web\/index.php\/wp-json\/wp\/v2\/users\/1"}],"replies":[{"embeddable":true,"href":"https:\/\/cositalcantabria.org\/web\/index.php\/wp-json\/wp\/v2\/comments?post=13"}],"version-history":[{"count":16,"href":"https:\/\/cositalcantabria.org\/web\/index.php\/wp-json\/wp\/v2\/pages\/13\/revisions"}],"predecessor-version":[{"id":945,"href":"https:\/\/cositalcantabria.org\/web\/index.php\/wp-json\/wp\/v2\/pages\/13\/revisions\/945"}],"wp:attachment":[{"href":"https:\/\/cositalcantabria.org\/web\/index.php\/wp-json\/wp\/v2\/media?parent=13"}],"curies":[{"name":"wp","href":"https:\/\/api.w.org\/{rel}","templated":true}]}}